{"id":9681,"date":"2025-01-08T13:13:03","date_gmt":"2025-01-08T12:13:03","guid":{"rendered":"\/?page_id=9681"},"modified":"2025-01-08T16:44:02","modified_gmt":"2025-01-08T15:44:02","slug":"tasa-de-servicios-urbanos-municipales-tsum","status":"publish","type":"page","link":"\/?page_id=9681","title":{"rendered":"Tasa de Servicios Urbanos Municipales (TSUM)"},"content":{"rendered":"\t\t<div data-elementor-type=\"wp-page\" data-elementor-id=\"9681\" class=\"elementor elementor-9681\">\n\t\t\t\t<div class=\"elementor-element elementor-element-12e13fc e-flex e-con-boxed e-con e-parent\" data-id=\"12e13fc\" data-element_type=\"container\" data-e-type=\"container\">\n\t\t\t\t\t<div class=\"e-con-inner\">\n\t\t\t\t<div class=\"elementor-element elementor-element-3a9a536 elementor-widget elementor-widget-heading\" data-id=\"3a9a536\" data-element_type=\"widget\" data-e-type=\"widget\" data-widget_type=\"heading.default\">\n\t\t\t\t<div class=\"elementor-widget-container\">\n\t\t\t\t\t<h3 class=\"elementor-heading-title elementor-size-default\">Tasa de Servicios Urbanos Municipales (TSUM)<\/h3>\t\t\t\t<\/div>\n\t\t\t\t<\/div>\n\t\t\t\t\t<\/div>\n\t\t\t\t<\/div>\n\t\t<div class=\"elementor-element elementor-element-294770a e-flex e-con-boxed e-con e-parent\" data-id=\"294770a\" data-element_type=\"container\" data-e-type=\"container\">\n\t\t\t\t\t<div class=\"e-con-inner\">\n\t\t\t\t<div class=\"elementor-element elementor-element-55f7412 elementor-widget elementor-widget-heading\" data-id=\"55f7412\" data-element_type=\"widget\" data-e-type=\"widget\" data-widget_type=\"heading.default\">\n\t\t\t\t<div class=\"elementor-widget-container\">\n\t\t\t\t\t<h6 class=\"elementor-heading-title elementor-size-default\">OF. RECAUDACIONES<\/h6>\t\t\t\t<\/div>\n\t\t\t\t<\/div>\n\t\t\t\t\t<\/div>\n\t\t\t\t<\/div>\n\t\t<div class=\"elementor-element elementor-element-4ba00b6 e-flex e-con-boxed e-con e-parent\" data-id=\"4ba00b6\" data-element_type=\"container\" data-e-type=\"container\">\n\t\t\t\t\t<div class=\"e-con-inner\">\n\t\t<div class=\"elementor-element elementor-element-362a4c0 e-con-full e-flex e-con e-child\" data-id=\"362a4c0\" data-element_type=\"container\" data-e-type=\"container\">\n\t\t\t\t<div class=\"elementor-element elementor-element-0fe9059 elementor-widget elementor-widget-image\" data-id=\"0fe9059\" data-element_type=\"widget\" data-e-type=\"widget\" data-widget_type=\"image.default\">\n\t\t\t\t<div class=\"elementor-widget-container\">\n\t\t\t\t\t\t\t\t\t\t\t\t\t\t\t<img fetchpriority=\"high\" decoding=\"async\" width=\"750\" height=\"422\" src=\"\/wp-content\/uploads\/2025\/01\/12-1024x576.png\" class=\"attachment-large size-large wp-image-9739\" alt=\"\" srcset=\"\/wp-content\/uploads\/2025\/01\/12-1024x576.png 1024w, \/wp-content\/uploads\/2025\/01\/12-300x169.png 300w, \/wp-content\/uploads\/2025\/01\/12-768x432.png 768w, \/wp-content\/uploads\/2025\/01\/12-1536x864.png 1536w, \/wp-content\/uploads\/2025\/01\/12-2048x1152.png 2048w\" sizes=\"(max-width: 750px) 100vw, 750px\" \/>\t\t\t\t\t\t\t\t\t\t\t\t\t\t\t<\/div>\n\t\t\t\t<\/div>\n\t\t\t\t<\/div>\n\t\t<div class=\"elementor-element elementor-element-f2711b1 e-con-full e-flex e-con e-child\" data-id=\"f2711b1\" data-element_type=\"container\" data-e-type=\"container\">\n\t\t\t\t<div class=\"elementor-element elementor-element-7b7e96b elementor-widget elementor-widget-text-editor\" data-id=\"7b7e96b\" data-element_type=\"widget\" data-e-type=\"widget\" data-widget_type=\"text-editor.default\">\n\t\t\t\t<div class=\"elementor-widget-container\">\n\t\t\t\t\t\t\t\t\t<p style=\"text-align: left;\"><span style=\"color: #999999; font-size: 18px;\">\u00a0<\/span><\/p><p style=\"text-align: left;\"><span style=\"color: #999999; font-size: 18px;\">Por la prestaci\u00f3n de los servicios de recolecci\u00f3n de residuos, barrido, riego, conservaci\u00f3n y ornato de calles, plazas, paseos, espacios verdes p\u00fablicos, de uso comunitario; tratamiento y reciclado de residuos en planta, se abonara la Tasa por inmueble Urbano comprendido dentro de la Zonas determinadas oportunamente.<\/span><\/p>\t\t\t\t\t\t\t\t<\/div>\n\t\t\t\t<\/div>\n\t\t\t\t<\/div>\n\t\t\t\t\t<\/div>\n\t\t\t\t<\/div>\n\t\t<div class=\"elementor-element elementor-element-70a39c4 e-flex e-con-boxed e-con e-parent\" data-id=\"70a39c4\" data-element_type=\"container\" data-e-type=\"container\">\n\t\t\t\t\t<div class=\"e-con-inner\">\n\t\t<div class=\"elementor-element elementor-element-0b4f3f5 e-flex e-con-boxed e-con e-child\" data-id=\"0b4f3f5\" data-element_type=\"container\" data-e-type=\"container\">\n\t\t\t\t\t<div class=\"e-con-inner\">\n\t\t\t\t<div class=\"elementor-element elementor-element-f89f484 elementor-widget elementor-widget-heading\" data-id=\"f89f484\" data-element_type=\"widget\" data-e-type=\"widget\" data-widget_type=\"heading.default\">\n\t\t\t\t<div class=\"elementor-widget-container\">\n\t\t\t\t\t<h6 class=\"elementor-heading-title elementor-size-default\">Ante cualquier inquietud no dudes en ponerte en contacto con nosotros<\/h6>\t\t\t\t<\/div>\n\t\t\t\t<\/div>\n\t\t\t\t\t<\/div>\n\t\t\t\t<\/div>\n\t\t<div class=\"elementor-element elementor-element-a1c410c e-flex e-con-boxed e-con e-child\" data-id=\"a1c410c\" data-element_type=\"container\" data-e-type=\"container\">\n\t\t\t\t\t<div class=\"e-con-inner\">\n\t\t\t\t<div class=\"elementor-element elementor-element-5f50338 elementor-icon-list--layout-inline elementor-align-center elementor-list-item-link-full_width elementor-invisible elementor-widget elementor-widget-icon-list\" data-id=\"5f50338\" data-element_type=\"widget\" data-e-type=\"widget\" data-settings=\"{&quot;_animation&quot;:&quot;fadeInRight&quot;}\" data-widget_type=\"icon-list.default\">\n\t\t\t\t<div class=\"elementor-widget-container\">\n\t\t\t\t\t\t\t<ul class=\"elementor-icon-list-items elementor-inline-items\">\n\t\t\t\t\t\t\t<li class=\"elementor-icon-list-item elementor-inline-item\">\n\t\t\t\t\t\t\t\t\t\t\t<a href=\"mailto:recaudaciones@munialvear.gov.ar\">\n\n\t\t\t\t\t\t\t\t\t\t\t\t<span class=\"elementor-icon-list-icon\">\n\t\t\t\t\t\t\t<i aria-hidden=\"true\" class=\"fas fa-envelope-open-text\"><\/i>\t\t\t\t\t\t<\/span>\n\t\t\t\t\t\t\t\t\t\t<span class=\"elementor-icon-list-text\"><\/span>\n\t\t\t\t\t\t\t\t\t\t\t<\/a>\n\t\t\t\t\t\t\t\t\t<\/li>\n\t\t\t\t\t\t\t\t<li class=\"elementor-icon-list-item elementor-inline-item\">\n\t\t\t\t\t\t\t\t\t\t\t<a href=\"https:\/\/wa.me\/+542345501914\">\n\n\t\t\t\t\t\t\t\t\t\t\t\t<span class=\"elementor-icon-list-icon\">\n\t\t\t\t\t\t\t<i aria-hidden=\"true\" class=\"fab fa-whatsapp\"><\/i>\t\t\t\t\t\t<\/span>\n\t\t\t\t\t\t\t\t\t\t<span class=\"elementor-icon-list-text\"><\/span>\n\t\t\t\t\t\t\t\t\t\t\t<\/a>\n\t\t\t\t\t\t\t\t\t<\/li>\n\t\t\t\t\t\t\t\t<li class=\"elementor-icon-list-item elementor-inline-item\">\n\t\t\t\t\t\t\t\t\t\t\t<a href=\"tel:2344481612\">\n\n\t\t\t\t\t\t\t\t\t\t\t\t<span class=\"elementor-icon-list-icon\">\n\t\t\t\t\t\t\t<i aria-hidden=\"true\" class=\"fas fa-phone-alt\"><\/i>\t\t\t\t\t\t<\/span>\n\t\t\t\t\t\t\t\t\t\t<span class=\"elementor-icon-list-text\"><\/span>\n\t\t\t\t\t\t\t\t\t\t\t<\/a>\n\t\t\t\t\t\t\t\t\t<\/li>\n\t\t\t\t\t\t\t\t<li class=\"elementor-icon-list-item elementor-inline-item\">\n\t\t\t\t\t\t\t\t\t\t\t<a href=\"https:\/\/maps.app.goo.gl\/9gAZUhkWpTsLpjU9A\">\n\n\t\t\t\t\t\t\t\t\t\t\t\t<span class=\"elementor-icon-list-icon\">\n\t\t\t\t\t\t\t<i aria-hidden=\"true\" class=\"fas fa-map-marked-alt\"><\/i>\t\t\t\t\t\t<\/span>\n\t\t\t\t\t\t\t\t\t\t<span class=\"elementor-icon-list-text\"><\/span>\n\t\t\t\t\t\t\t\t\t\t\t<\/a>\n\t\t\t\t\t\t\t\t\t<\/li>\n\t\t\t\t\t\t<\/ul>\n\t\t\t\t\t\t<\/div>\n\t\t\t\t<\/div>\n\t\t\t\t\t<\/div>\n\t\t\t\t<\/div>\n\t\t\t\t\t<\/div>\n\t\t\t\t<\/div>\n\t\t\t\t<\/div>\n\t\t","protected":false},"excerpt":{"rendered":"<p>Tasa de Servicios Urbanos Municipales (TSUM) OF. RECAUDACIONES \u00a0 Por la prestaci\u00f3n de los servicios de recolecci\u00f3n de residuos, barrido, riego, conservaci\u00f3n y ornato de calles, plazas, paseos, espacios verdes p\u00fablicos, de uso comunitario; tratamiento y reciclado de residuos en planta, se abonara la Tasa por inmueble Urbano comprendido dentro [&hellip;]<\/p>\n","protected":false},"author":1,"featured_media":0,"parent":0,"menu_order":0,"comment_status":"closed","ping_status":"closed","template":"page-templates\/template-pagebuilder-full-width.php","meta":{"footnotes":""},"class_list":["post-9681","page","type-page","status-publish","hentry"],"yoast_head":"<!-- This site is optimized with the Yoast SEO plugin v27.0 - https:\/\/yoast.com\/product\/yoast-seo-wordpress\/ -->\n<title>Tasa de Servicios Urbanos Municipales (TSUM) - Municipalidad de General Alvear<\/title>\n<meta name=\"robots\" content=\"index, follow, max-snippet:-1, max-image-preview:large, max-video-preview:-1\" \/>\n<link rel=\"canonical\" href=\"\/?page_id=9681\" \/>\n<meta property=\"og:locale\" content=\"es_ES\" \/>\n<meta property=\"og:type\" content=\"article\" \/>\n<meta property=\"og:title\" content=\"Tasa de Servicios Urbanos Municipales (TSUM) - Municipalidad de General Alvear\" \/>\n<meta property=\"og:description\" content=\"Tasa de Servicios Urbanos Municipales (TSUM) OF. RECAUDACIONES \u00a0 Por la prestaci\u00f3n de los servicios de recolecci\u00f3n de residuos, barrido, riego, conservaci\u00f3n y ornato de calles, plazas, paseos, espacios verdes p\u00fablicos, de uso comunitario; tratamiento y reciclado de residuos en planta, se abonara la Tasa por inmueble Urbano comprendido dentro [&hellip;]\" \/>\n<meta property=\"og:url\" content=\"\/?page_id=9681\" \/>\n<meta property=\"og:site_name\" content=\"Municipalidad de General Alvear\" \/>\n<meta property=\"article:modified_time\" content=\"2025-01-08T15:44:02+00:00\" \/>\n<meta property=\"og:image\" content=\"\/wp-content\/uploads\/2025\/01\/12-1024x576.png\" \/>\n<meta name=\"twitter:card\" content=\"summary_large_image\" \/>\n<meta name=\"twitter:label1\" content=\"Tiempo de lectura\" \/>\n\t<meta name=\"twitter:data1\" content=\"1 minuto\" \/>\n<script type=\"application\/ld+json\" class=\"yoast-schema-graph\">{\"@context\":\"https:\/\/schema.org\",\"@graph\":[{\"@type\":\"WebPage\",\"@id\":\"\/?page_id=9681\",\"url\":\"\/?page_id=9681\",\"name\":\"Tasa de Servicios Urbanos Municipales (TSUM) - Municipalidad de General Alvear\",\"isPartOf\":{\"@id\":\"\/#website\"},\"primaryImageOfPage\":{\"@id\":\"\/?page_id=9681#primaryimage\"},\"image\":{\"@id\":\"\/?page_id=9681#primaryimage\"},\"thumbnailUrl\":\"\/wp-content\/uploads\/2025\/01\/12-1024x576.png\",\"datePublished\":\"2025-01-08T12:13:03+00:00\",\"dateModified\":\"2025-01-08T15:44:02+00:00\",\"breadcrumb\":{\"@id\":\"\/?page_id=9681#breadcrumb\"},\"inLanguage\":\"es\",\"potentialAction\":[{\"@type\":\"ReadAction\",\"target\":[\"\/?page_id=9681\"]}]},{\"@type\":\"ImageObject\",\"inLanguage\":\"es\",\"@id\":\"\/?page_id=9681#primaryimage\",\"url\":\"\/wp-content\/uploads\/2025\/01\/12.png\",\"contentUrl\":\"\/wp-content\/uploads\/2025\/01\/12.png\",\"width\":2240,\"height\":1260},{\"@type\":\"BreadcrumbList\",\"@id\":\"\/?page_id=9681#breadcrumb\",\"itemListElement\":[{\"@type\":\"ListItem\",\"position\":1,\"name\":\"Portada\",\"item\":\"\/\"},{\"@type\":\"ListItem\",\"position\":2,\"name\":\"Tasa de Servicios Urbanos Municipales (TSUM)\"}]},{\"@type\":\"WebSite\",\"@id\":\"\/#website\",\"url\":\"\/\",\"name\":\"Municipalidad de General Alvear\",\"description\":\"\",\"publisher\":{\"@id\":\"\/#organization\"},\"potentialAction\":[{\"@type\":\"SearchAction\",\"target\":{\"@type\":\"EntryPoint\",\"urlTemplate\":\"\/?s={search_term_string}\"},\"query-input\":{\"@type\":\"PropertyValueSpecification\",\"valueRequired\":true,\"valueName\":\"search_term_string\"}}],\"inLanguage\":\"es\"},{\"@type\":\"Organization\",\"@id\":\"\/#organization\",\"name\":\"Municipalidad de General Alvear\",\"url\":\"\/\",\"logo\":{\"@type\":\"ImageObject\",\"inLanguage\":\"es\",\"@id\":\"\/#\/schema\/logo\/image\/\",\"url\":\"\/wp-content\/uploads\/2023\/09\/cropped-logo-muni.png\",\"contentUrl\":\"\/wp-content\/uploads\/2023\/09\/cropped-logo-muni.png\",\"width\":776,\"height\":725,\"caption\":\"Municipalidad de General Alvear\"},\"image\":{\"@id\":\"\/#\/schema\/logo\/image\/\"}}]}<\/script>\n<!-- \/ Yoast SEO plugin. -->","yoast_head_json":{"title":"Tasa de Servicios Urbanos Municipales (TSUM) - Municipalidad de General Alvear","robots":{"index":"index","follow":"follow","max-snippet":"max-snippet:-1","max-image-preview":"max-image-preview:large","max-video-preview":"max-video-preview:-1"},"canonical":"\/?page_id=9681","og_locale":"es_ES","og_type":"article","og_title":"Tasa de Servicios Urbanos Municipales (TSUM) - Municipalidad de General Alvear","og_description":"Tasa de Servicios Urbanos Municipales (TSUM) OF. RECAUDACIONES \u00a0 Por la prestaci\u00f3n de los servicios de recolecci\u00f3n de residuos, barrido, riego, conservaci\u00f3n y ornato de calles, plazas, paseos, espacios verdes p\u00fablicos, de uso comunitario; tratamiento y reciclado de residuos en planta, se abonara la Tasa por inmueble Urbano comprendido dentro [&hellip;]","og_url":"\/?page_id=9681","og_site_name":"Municipalidad de General Alvear","article_modified_time":"2025-01-08T15:44:02+00:00","og_image":[{"url":"\/wp-content\/uploads\/2025\/01\/12-1024x576.png","type":"","width":"","height":""}],"twitter_card":"summary_large_image","twitter_misc":{"Tiempo de lectura":"1 minuto"},"schema":{"@context":"https:\/\/schema.org","@graph":[{"@type":"WebPage","@id":"\/?page_id=9681","url":"\/?page_id=9681","name":"Tasa de Servicios Urbanos Municipales (TSUM) - Municipalidad de General Alvear","isPartOf":{"@id":"\/#website"},"primaryImageOfPage":{"@id":"\/?page_id=9681#primaryimage"},"image":{"@id":"\/?page_id=9681#primaryimage"},"thumbnailUrl":"\/wp-content\/uploads\/2025\/01\/12-1024x576.png","datePublished":"2025-01-08T12:13:03+00:00","dateModified":"2025-01-08T15:44:02+00:00","breadcrumb":{"@id":"\/?page_id=9681#breadcrumb"},"inLanguage":"es","potentialAction":[{"@type":"ReadAction","target":["\/?page_id=9681"]}]},{"@type":"ImageObject","inLanguage":"es","@id":"\/?page_id=9681#primaryimage","url":"\/wp-content\/uploads\/2025\/01\/12.png","contentUrl":"\/wp-content\/uploads\/2025\/01\/12.png","width":2240,"height":1260},{"@type":"BreadcrumbList","@id":"\/?page_id=9681#breadcrumb","itemListElement":[{"@type":"ListItem","position":1,"name":"Portada","item":"\/"},{"@type":"ListItem","position":2,"name":"Tasa de Servicios Urbanos Municipales (TSUM)"}]},{"@type":"WebSite","@id":"\/#website","url":"\/","name":"Municipalidad de General Alvear","description":"","publisher":{"@id":"\/#organization"},"potentialAction":[{"@type":"SearchAction","target":{"@type":"EntryPoint","urlTemplate":"\/?s={search_term_string}"},"query-input":{"@type":"PropertyValueSpecification","valueRequired":true,"valueName":"search_term_string"}}],"inLanguage":"es"},{"@type":"Organization","@id":"\/#organization","name":"Municipalidad de General Alvear","url":"\/","logo":{"@type":"ImageObject","inLanguage":"es","@id":"\/#\/schema\/logo\/image\/","url":"\/wp-content\/uploads\/2023\/09\/cropped-logo-muni.png","contentUrl":"\/wp-content\/uploads\/2023\/09\/cropped-logo-muni.png","width":776,"height":725,"caption":"Municipalidad de General Alvear"},"image":{"@id":"\/#\/schema\/logo\/image\/"}}]}},"_links":{"self":[{"href":"\/index.php?rest_route=\/wp\/v2\/pages\/9681","targetHints":{"allow":["GET"]}}],"collection":[{"href":"\/index.php?rest_route=\/wp\/v2\/pages"}],"about":[{"href":"\/index.php?rest_route=\/wp\/v2\/types\/page"}],"author":[{"embeddable":true,"href":"\/index.php?rest_route=\/wp\/v2\/users\/1"}],"replies":[{"embeddable":true,"href":"\/index.php?rest_route=%2Fwp%2Fv2%2Fcomments&post=9681"}],"version-history":[{"count":19,"href":"\/index.php?rest_route=\/wp\/v2\/pages\/9681\/revisions"}],"predecessor-version":[{"id":9746,"href":"\/index.php?rest_route=\/wp\/v2\/pages\/9681\/revisions\/9746"}],"wp:attachment":[{"href":"\/index.php?rest_route=%2Fwp%2Fv2%2Fmedia&parent=9681"}],"curies":[{"name":"wp","href":"https:\/\/api.w.org\/{rel}","templated":true}]}}