{"id":6095,"date":"2024-01-10T14:25:45","date_gmt":"2024-01-10T13:25:45","guid":{"rendered":"https:\/\/186.33.211.177\/webmuni\/?page_id=6095"},"modified":"2026-03-17T11:39:37","modified_gmt":"2026-03-17T10:39:37","slug":"autoridades","status":"publish","type":"page","link":"\/?page_id=6095","title":{"rendered":"AUTORIDADES"},"content":{"rendered":"<p><!DOCTYPE html><br \/>\n<html lang=\"en\"><br \/>\n<head><br \/>\n<meta name=\"viewport\" content=\"width=device-width, initial-scale=1.0\" \/><br \/>\n<title>Autoridades y \u00e1reas<\/title><br \/>\n<!-- Font Awesome -->\n<link\t \nrel=\"stylesheet\"\t \nhref=\"https:\/\/cdnjs.cloudflare.com\/ajax\/libs\/font-awesome\/5.15.4\/css\/all.min.css\"\t \n\/><br \/>\n<!-- Google Font -->\n<link\t \nhref=\"https:\/\/fonts.googleapis.com\/css2?family=Poppins:wght@300;500;600&#038;display=swap\"\t \nrel=\"stylesheet\"\t \n\/><br \/>\n<!-- Stylesheet -->\n<link rel=\"stylesheet\" href=\"stylo.css\" \/>\n<\/head><br \/>\n<body>\t <\/p>\n<section>\n<h2>Autoridades y \u00e1reas de Gesti\u00f3n<\/h2>\n<p><img decoding=\"async\" src=\"img\/intendente.png\" \/><\/p>\n<h3>Capra, Ram\u00f3n Jos\u00e9 <\/h3>\n<p>Intendente Municipal<\/p>\n<p> <img decoding=\"async\" src=\"img\/GALLO PEDRO.png\" \/><\/p>\n<h3>Gallo, Pedro<\/h3>\n<p>Jefe de Gabinete<\/p>\n<p>  <!-- Column 1--><br \/>\n  <img decoding=\"async\" src=\"img\/SAYOS MORAMAY.png\" \/><\/p>\n<h3>Sayos, Moramay<\/h3>\n<p>Secretar\u00eda de gobierno<\/p>\n<ul>\n<li>\n  <a href=\"https:\/\/www.google.com.ar\/maps\/place\/Municipalidad+de+General+Alvear\/@-36.0220575,-60.0144809,18.75z\/data=!4m6!3m5!1s0x9595f783b5aa23e3:0xe3ea7ed26c439e63!8m2!3d-36.0223467!4d-60.0149356!16s%2Fg%2F1v3kp7g_?entry=ttu\" target=\"_blank\" rel=\"noopener\">\t <\/p>\n<p>Hipolito Yrigoyen 630<\/p>\n<p><\/a>\n  <\/li>\n<\/ul>\n<ul>\n<li>\n  <a href=\"tel:2344480055\">\t <\/p>\n<p>(02344) 48-0055<\/p>\n<p><\/a>\n  <\/li>\n<\/ul>\n<ul>\n<li>\n  <a href=\"mailto:gobierno@munialvear.gov.ar\">\t <\/p>\n<p>gobierno@munialvear.gov.ar<\/p>\n<p><\/a>\n  <\/li>\n<\/ul>\n<p>  <a href=\"#\"><br \/>\n  <\/a><br \/>\n  <a href=\"#\"><br \/>\n  <\/a><br \/>\n  <a href=\"#\"><br \/>\n  <\/a><br \/>\n  <a href=\"#\"><br \/>\n  <\/a><br \/>\n  <!-- Column 2--><br \/>\n  <img decoding=\"async\" src=\"img\/CABALLERO FLORENCIA.png\" \/><\/p>\n<h3>Caballero, Florencia<\/h3>\n<p>Secretar\u00eda de Hacienda<\/p>\n<ul>\n<li>\n  <a href=\"https:\/\/www.google.com.ar\/maps\/place\/Municipalidad+de+General+Alvear\/@-36.0220575,-60.0144809,18.75z\/data=!4m6!3m5!1s0x9595f783b5aa23e3:0xe3ea7ed26c439e63!8m2!3d-36.0223467!4d-60.0149356!16s%2Fg%2F1v3kp7g_?entry=ttu\" target=\"_blank\" rel=\"noopener\">\t <\/p>\n<p>Hipolito Yrigoyen 630<\/p>\n<p><\/a>\n  <\/li>\n<\/ul>\n<ul>\n<li>\n  <a href=\"tel:2344480055\">\t <\/p>\n<p>(02344) 48-0055<\/p>\n<p><\/a>\n  <\/li>\n<\/ul>\n<ul>\n<li>\n  <a href=\"mailto:gobierno@munialvear.gov.ar\">\t <\/p>\n<p>hacienda@munialvear.gov.ar<\/p>\n<p><\/a><\/li>\n<\/ul>\n<p>  <a href=\"#\"><br \/>\n  <\/a><br \/>\n  <a href=\"#\"><br \/>\n  <\/a><br \/>\n  <a href=\"#\"><br \/>\n  <\/a><br \/>\n  <a href=\"#\"><br \/>\n  <\/a><br \/>\n  <!-- Column 3--><br \/>\n  <img decoding=\"async\" src=\"img\/GARCIA MATIAS.png\" \/><\/p>\n<h3>Garc\u00eda, Mat\u00edas<\/h3>\n<p>Secretar\u00eda de Salud<\/p>\n<ul>\n<li>\n  <a href=\"https:\/\/www.google.com.ar\/maps\/place\/Municipalidad+de+General+Alvear\/@-36.0220575,-60.0144809,18.75z\/data=!4m6!3m5!1s0x9595f783b5aa23e3:0xe3ea7ed26c439e63!8m2!3d-36.0223467!4d-60.0149356!16s%2Fg%2F1v3kp7g_?entry=ttu\" target=\"_blank\" rel=\"noopener\">\t <\/p>\n<p>PEDIR DIRECCION<\/p>\n<p><\/a>\n  <\/li>\n<\/ul>\n<ul>\n<li>\n  <a href=\"tel:2344480055\">\t <\/p>\n<p>(02344) 48-0055<\/p>\n<p><\/a>\n  <\/li>\n<\/ul>\n<ul>\n<li>\n  <a href=\"mailto:salud@munialvear.gov.ar\">\t <\/p>\n<p>salud@munialvear.gov.ar<\/p>\n<p><\/a>\n  <\/li>\n<\/ul>\n<p>  <a href=\"#\"><br \/>\n  <\/a><br \/>\n  <a href=\"#\"><br \/>\n  <\/a><br \/>\n  <a href=\"#\"><br \/>\n  <\/a><br \/>\n  <a href=\"#\"><br \/>\n  <\/a><br \/>\n  <!-- Column 4--><br \/>\n  <img decoding=\"async\" src=\"img\/FEDERICI SERGIO.png\" \/><\/p>\n<h3>Federici, Sergio<\/h3>\n<p>Secretar\u00eda de Obras y Servicios P\u00fablicos<\/p>\n<ul>\n<li>\n  <a href=\"https:\/\/www.google.com.ar\/maps\/place\/Municipalidad+de+General+Alvear\/@-36.0220575,-60.0144809,18.75z\/data=!4m6!3m5!1s0x9595f783b5aa23e3:0xe3ea7ed26c439e63!8m2!3d-36.0223467!4d-60.0149356!16s%2Fg%2F1v3kp7g_?entry=ttu\" target=\"_blank\" rel=\"noopener\">\t <\/p>\n<p>Palacio Municipal<\/p>\n<p><\/a>\n  <\/li>\n<\/ul>\n<ul>\n<li>\n  <a href=\"tel:2344480055\">\t <\/p>\n<p>(02344) 48-0055<\/p>\n<p><\/a>\n  <\/li>\n<\/ul>\n<ul>\n<li>\n  <a href=\"mailto:gobierno@munialvear.gov.ar\">\t <\/p>\n<p>gobierno@munialvear.gov.ar<\/p>\n<p><\/a>\n  <\/li>\n<\/ul>\n<p>  <a href=\"#\"><br \/>\n  <\/a><br \/>\n  <a href=\"#\"><br \/>\n  <\/a><br \/>\n  <a href=\"#\"><br \/>\n  <\/a><br \/>\n  <a href=\"#\"><br \/>\n  <\/a><br \/>\n  <!-- SUBSECRETARIA --><br \/>\n  <img decoding=\"async\" src=\"img\/GALLO MARIANO.png\" \/><\/p>\n<h3>Gallo, Mariano<\/h3>\n<p>Subsecretar\u00eda de Obras y Servicios P\u00fablico<\/p>\n<p>  <!-- Column 1--><br \/>\n  <img decoding=\"async\" src=\"img\/ESCANDE SEBASTIAN.png\" \/><\/p>\n<h3>Escande, Sebasti\u00e1n<\/h3>\n<p>Direcci\u00f3n Hospital Municipal<\/p>\n<ul>\n<li>\n  <a href=\"https:\/\/www.google.com.ar\/maps\/place\/Municipalidad+de+General+Alvear\/@-36.0220575,-60.0144809,18.75z\/data=!4m6!3m5!1s0x9595f783b5aa23e3:0xe3ea7ed26c439e63!8m2!3d-36.0223467!4d-60.0149356!16s%2Fg%2F1v3kp7g_?entry=ttu\" target=\"_blank\" rel=\"noopener\">\t <\/p>\n<p>Palacio Municipal<\/p>\n<p><\/a>\n  <\/li>\n<\/ul>\n<ul>\n<li>\n  <a href=\"tel:2344480055\">\t <\/p>\n<p>(02344) 48-0055<\/p>\n<p><\/a>\n  <\/li>\n<\/ul>\n<ul>\n<li>\n  <a href=\"mailto:gobierno@munialvear.gov.ar\">\t <\/p>\n<p>gobierno@munialvear.gov.ar<\/p>\n<p><\/a>\n  <\/li>\n<\/ul>\n<p>  <a href=\"#\"><br \/>\n  <\/a><br \/>\n  <a href=\"#\"><br \/>\n  <\/a><br \/>\n  <a href=\"#\"><br \/>\n  <\/a><br \/>\n  <a href=\"#\"><br \/>\n  <\/a><br \/>\n  <!-- Column 2--><br \/>\n  <img decoding=\"async\" src=\"img\/IBARRA GERONIMO.png\" \/><\/p>\n<h3>Ibarra, Ger\u00f3nimo<\/h3>\n<p>Direcci\u00f3n de Gesti\u00f3n Ambiental<\/p>\n<ul>\n<li>\n  <a href=\"https:\/\/www.google.com.ar\/maps\/place\/Municipalidad+de+General+Alvear\/@-36.0220575,-60.0144809,18.75z\/data=!4m6!3m5!1s0x9595f783b5aa23e3:0xe3ea7ed26c439e63!8m2!3d-36.0223467!4d-60.0149356!16s%2Fg%2F1v3kp7g_?entry=ttu\" target=\"_blank\" rel=\"noopener\">\t <\/p>\n<p>Palacio Municipal<\/p>\n<p><\/a>\n  <\/li>\n<\/ul>\n<ul>\n<li>\n  <a href=\"tel:2344480055\">\t <\/p>\n<p>(02344) 48-0055<\/p>\n<p><\/a>\n  <\/li>\n<\/ul>\n<ul>\n<li>\n  <a href=\"mailto:gobierno@munialvear.gov.ar\">\t <\/p>\n<p>gobierno@munialvear.gov.ar<\/p>\n<p><\/a>\n  <\/li>\n<\/ul>\n<p>  <a href=\"#\"><br \/>\n  <\/a><br \/>\n  <a href=\"#\"><br \/>\n  <\/a><br \/>\n  <a href=\"#\"><br \/>\n  <\/a><br \/>\n  <a href=\"#\"><br \/>\n  <\/a><br \/>\n  <!-- Column 3--><br \/>\n  <img decoding=\"async\" src=\"img\/GIAVINO NORBERTO.png\" \/><\/p>\n<h3>Giavino, Norberto<\/h3>\n<p>Direccion de Asesoria Letrada<\/p>\n<ul>\n<li>\n  <a href=\"https:\/\/www.google.com.ar\/maps\/place\/Municipalidad+de+General+Alvear\/@-36.0220575,-60.0144809,18.75z\/data=!4m6!3m5!1s0x9595f783b5aa23e3:0xe3ea7ed26c439e63!8m2!3d-36.0223467!4d-60.0149356!16s%2Fg%2F1v3kp7g_?entry=ttu\" target=\"_blank\" rel=\"noopener\">\t <\/p>\n<p>Palacio Municipal<\/p>\n<p><\/a>\n  <\/li>\n<\/ul>\n<ul>\n<li>\n  <a href=\"tel:2344480055\">\t <\/p>\n<p>(02344) 48-0055<\/p>\n<p><\/a>\n  <\/li>\n<\/ul>\n<ul>\n<li>\n  <a href=\"mailto:gobierno@munialvear.gov.ar\">\t <\/p>\n<p>gobierno@munialvear.gov.ar<\/p>\n<p><\/a>\n  <\/li>\n<\/ul>\n<p>  <a href=\"#\"><br \/>\n  <\/a><br \/>\n  <a href=\"#\"><br \/>\n  <\/a><br \/>\n  <a href=\"#\"><br \/>\n  <\/a><br \/>\n  <a href=\"#\"><br \/>\n  <\/a><br \/>\n  <!-- Column 4--><br \/>\n  <img decoding=\"async\" src=\"img\/CABALLERI MARCELO.png\" \/><\/p>\n<h3>Caballeri, Marcelo<\/h3>\n<p>Direcci\u00f3n de Producci\u00f3n<\/p>\n<ul>\n<li>\n  <a href=\"https:\/\/www.google.com.ar\/maps\/place\/Municipalidad+de+General+Alvear\/@-36.0220575,-60.0144809,18.75z\/data=!4m6!3m5!1s0x9595f783b5aa23e3:0xe3ea7ed26c439e63!8m2!3d-36.0223467!4d-60.0149356!16s%2Fg%2F1v3kp7g_?entry=ttu\" target=\"_blank\" rel=\"noopener\">\t <\/p>\n<p>Palacio Municipal<\/p>\n<p><\/a>\n  <\/li>\n<\/ul>\n<ul>\n<li>\n  <a href=\"tel:2344480055\">\t <\/p>\n<p>(02344) 48-0055<\/p>\n<p><\/a>\n  <\/li>\n<\/ul>\n<ul>\n<li>\n  <a href=\"mailto:gobierno@munialvear.gov.ar\">\t <\/p>\n<p>gobierno@munialvear.gov.ar<\/p>\n<p><\/a>\n  <\/li>\n<\/ul>\n<p>  <a href=\"#\"><br \/>\n  <\/a><br \/>\n  <a href=\"#\"><br \/>\n  <\/a><br \/>\n  <a href=\"#\"><br \/>\n  <\/a><br \/>\n  <a href=\"#\"><br \/>\n  <\/a><br \/>\n  <!--Column 5--><br \/>\n  <img decoding=\"async\" src=\"img\/MARIANELA CHOJO.png\" \/><\/p>\n<h3>Chojo, Marienela<\/h3>\n<p>Direcci\u00f3n de Educaci\u00f3n<\/p>\n<ul>\n<li>\n  <a href=\"https:\/\/www.google.com.ar\/maps\/place\/Municipalidad+de+General+Alvear\/@-36.0220575,-60.0144809,18.75z\/data=!4m6!3m5!1s0x9595f783b5aa23e3:0xe3ea7ed26c439e63!8m2!3d-36.0223467!4d-60.0149356!16s%2Fg%2F1v3kp7g_?entry=ttu\" target=\"_blank\" rel=\"noopener\">\t <\/p>\n<p>Palacio Municipal<\/p>\n<p><\/a>\n  <\/li>\n<\/ul>\n<ul>\n<li>\n  <a href=\"tel:2344480055\">\t <\/p>\n<p>(02344) 48-0055<\/p>\n<p><\/a>\n  <\/li>\n<\/ul>\n<ul>\n<li>\n  <a href=\"mailto:gobierno@munialvear.gov.ar\">\t <\/p>\n<p>gobierno@munialvear.gov.ar<\/p>\n<p><\/a>\n  <\/li>\n<\/ul>\n<p>  <a href=\"#\"><br \/>\n  <\/a><br \/>\n  <a href=\"#\"><br \/>\n  <\/a><br \/>\n  <a href=\"#\"><br \/>\n  <\/a><br \/>\n  <a href=\"#\"><br \/>\n  <\/a><br \/>\n  <!-- Column 1--><br \/>\n  <img decoding=\"async\" src=\"img\/CASQUERO LUIS.png\" \/><\/p>\n<h3>Casquero, Luis<\/h3>\n<p>Direcci\u00f3n de Deportes<\/p>\n<ul>\n<li>\n  <a href=\"https:\/\/www.google.com.ar\/maps\/place\/36%C2%B001'36.4%22S+60%C2%B000'53.4%22W\/@-36.0267676,-60.0154674,19z\/data=!3m1!4b1!4m4!3m3!8m2!3d-36.0267687!4d-60.0148237?entry=ttu\" target=\"_blank\" rel=\"noopener\">\t <\/p>\n<p>Direcci\u00f3n de Deportes<\/p>\n<p><\/a>\n  <\/li>\n<\/ul>\n<ul>\n<li>\n  <a href=\"tel:02344-480 113\">\t <\/p>\n<p>(02344) 480-113<\/p>\n<p><\/a>\n  <\/li>\n<\/ul>\n<ul>\n<li>\n  <a href=\"mailto:deportesalvear@yahoo.com.ar\">\t <\/p>\n<p>deportesalvear@yahoo.com.ar<\/p>\n<p><\/a>\n  <\/li>\n<\/ul>\n<p>  <a href=\"https:\/\/wa.me\/2345412451\"><br \/>\n  <\/a><br \/>\n  <a href=\"https:\/\/www.facebook.com\/DeporteEnAlvear\" target=\"_blank\" rel=\"noopener\"><br \/>\n  <\/a><br \/>\n  <a href=\"https:\/\/www.instagram.com\/deporteenalvear\/\" target=\"_blank\" rel=\"noopener\"><br \/>\n  <\/a><br \/>\n  <!-- Column 2--><br \/>\n  <img decoding=\"async\" src=\"img\/ANIDO ERNESTO.png\" \/><\/p>\n<h3>Anido, Ernesto<\/h3>\n<p>Direcci\u00f3n de Turismo<\/p>\n<ul>\n<li>\n  <a href=\"https:\/\/www.google.com.ar\/maps\/place\/Escuela+de+Musica+Municipal.+Gral+Alvear\/@-36.0245064,-60.0155137,19z\/data=!4m6!3m5!1s0x9595f95c03675125:0xd3b446b1673494bb!8m2!3d-36.0241874!4d-60.0152899!16s%2Fg%2F11s7t3vszg?entry=ttu\" target=\"_blank\" rel=\"noopener\">\t <\/p>\n<p>Av. San Martin 1121<\/p>\n<p><\/a>\n  <\/li>\n<\/ul>\n<ul>\n<li>\n  <a href=\"tel:2345-450111\">\t <\/p>\n<p>2345-450111<\/p>\n<p><\/a>\n  <\/li>\n<\/ul>\n<ul>\n<li>\n  <a href=\"mailto:edualvear.muni@gmail.com\">\t <\/p>\n<p>edualvear.muni@gmail.com<\/p>\n<p><\/a>\n  <\/li>\n<\/ul>\n<p>  <a href=\"https:\/\/wa.me\/2345506163\"><br \/>\n  <\/a><br \/>\n  <a href=\"https:\/\/www.facebook.com\/educacion.alvear\" target=\"_blank\" rel=\"noopener\"><br \/>\n  <\/a><br \/>\n  <a href=\"https:\/\/www.instagram.com\/direccion_educacion\/ target=_blank\"><br \/>\n  <\/a><br \/>\n  <!-- Column 3--><br \/>\n  <img decoding=\"async\" src=\"img\/RIOS MILAGROS.png\" \/><\/p>\n<h3>R\u00edos, Milagros<\/h3>\n<p>Direcci\u00f3n de Cultura<\/p>\n<ul>\n<li>\n  <a href=\"https:\/\/www.google.com.ar\/maps\/place\/36%C2%B001'33.9%22S+60%C2%B000'54.4%22W\/@-36.0260782,-60.0157517,19z\/data=!3m1!4b1!4m4!3m3!8m2!3d-36.0260793!4d-60.015108?entry=ttu\" target=\"_blank\" rel=\"noopener\">\t <\/p>\n<p>Roque P\u00e9rez esquina Sarmiento 662<\/p>\n<p><\/a>\n  <\/li>\n<\/ul>\n<ul>\n<li>\n  <a href=\"tel:02344481970\">\t <\/p>\n<p>(02344) 48-1970<\/p>\n<p><\/a>\n  <\/li>\n<\/ul>\n<ul>\n<li>\n  <a href=\"mailto:culturaalvear@gmail.com\">\t <\/p>\n<p>culturaalvear@gmail.com<\/p>\n<p><\/a>\n  <\/li>\n<\/ul>\n<p>  <a href=\"https:\/\/wa.me\/2345412921\"><br \/>\n  <\/a><br \/>\n  <a href=\"https:\/\/www.facebook.com\/cultura.alvear\"><br \/>\n  <\/a><br \/>\n  <a href=\"https:\/\/www.instagram.com\/direcciondeculturageneralalv\/\"><br \/>\n  <\/a><br \/>\n  <!-- Column 4--><br \/>\n  <img decoding=\"async\" src=\"img\/PAPAVERO ANA.png\" \/><\/p>\n<h3>Papavero, Ana<\/h3>\n<p>Direcci\u00f3n de RRHH<\/p>\n<ul>\n<li>\n  <a href=\"https:\/\/www.google.com.ar\/maps\/place\/Municipalidad+de+General+Alvear\/@-36.0220575,-60.0144809,18.75z\/data=!4m6!3m5!1s0x9595f783b5aa23e3:0xe3ea7ed26c439e63!8m2!3d-36.0223467!4d-60.0149356!16s%2Fg%2F1v3kp7g_?entry=ttu\" target=\"_blank\" rel=\"noopener\">\t <\/p>\n<p>Palacio Municipal<\/p>\n<p><\/a>\n  <\/li>\n<\/ul>\n<ul>\n<li>\n  <a href=\"tel:2344480055\">\t <\/p>\n<p>(02344) 48-0055<\/p>\n<p><\/a>\n  <\/li>\n<\/ul>\n<ul>\n<li>\n  <a href=\"mailto:gobierno@munialvear.gov.ar\">\t <\/p>\n<p>gobierno@munialvear.gov.ar<\/p>\n<p><\/a>\n  <\/li>\n<\/ul>\n<p>  <a href=\"#\"><br \/>\n  <\/a><br \/>\n  <a href=\"#\"><br \/>\n  <\/a><br \/>\n  <a href=\"#\"><br \/>\n  <\/a><br \/>\n  <a href=\"#\"><br \/>\n  <\/a><br \/>\n  <!-- Column 5--><br \/>\n  <img decoding=\"async\" src=\"img\/MIGLIORI LUCRECIA.png\" \/><\/p>\n<h3>Migliori, Lucrecia<\/h3>\n<p>Direcci\u00f3n de Desarrollo Social<\/p>\n<ul>\n<li>\n  <a href=\"https:\/\/www.google.com.ar\/maps\/place\/Municipalidad+de+General+Alvear\/@-36.0220575,-60.0144809,18.75z\/data=!4m6!3m5!1s0x9595f783b5aa23e3:0xe3ea7ed26c439e63!8m2!3d-36.0223467!4d-60.0149356!16s%2Fg%2F1v3kp7g_?entry=ttu\" target=\"_blank\" rel=\"noopener\">\t <\/p>\n<p>Palacio Municipal<\/p>\n<p><\/a>\n  <\/li>\n<\/ul>\n<ul>\n<li>\n  <a href=\"tel:2344480055\">\t <\/p>\n<p>(02344) 48-0055<\/p>\n<p><\/a>\n  <\/li>\n<\/ul>\n<ul>\n<li>\n  <a href=\"mailto:gobierno@munialvear.gov.ar\">\t <\/p>\n<p>gobierno@munialvear.gov.ar<\/p>\n<p><\/a>\n  <\/li>\n<\/ul>\n<p>  <a href=\"#\"><br \/>\n  <\/a><br \/>\n  <a href=\"#\"><br \/>\n  <\/a><br \/>\n  <a href=\"#\"><br \/>\n  <\/a><br \/>\n  <a href=\"#\"><br \/>\n  <\/a><br \/>\n  <!-- Column 1--><br \/>\n  <img decoding=\"async\" src=\"img\/SOLE HUGO.png\" \/><\/p>\n<h3>Sol\u00e9, Hugo<\/h3>\n<p>Direcci\u00f3n de Control, Seguridad y Transito<\/p>\n<ul>\n<li>\n  <a href=\"https:\/\/www.google.com.ar\/maps\/place\/Municipalidad+de+General+Alvear\/@-36.0220575,-60.0144809,18.75z\/data=!4m6!3m5!1s0x9595f783b5aa23e3:0xe3ea7ed26c439e63!8m2!3d-36.0223467!4d-60.0149356!16s%2Fg%2F1v3kp7g_?entry=ttu\" target=\"_blank\" rel=\"noopener\">\t <\/p>\n<p>Palacio Municipal<\/p>\n<p><\/a>\n  <\/li>\n<\/ul>\n<ul>\n<li>\n  <a href=\"tel:2344480055\">\t <\/p>\n<p>(02344) 48-0055<\/p>\n<p><\/a>\n  <\/li>\n<\/ul>\n<ul>\n<li>\n  <a href=\"mailto:gobierno@munialvear.gov.ar\">\t <\/p>\n<p>gobierno@munialvear.gov.ar<\/p>\n<p><\/a>\n  <\/li>\n<\/ul>\n<p>  <a href=\"#\"><br \/>\n  <\/a><br \/>\n  <a href=\"#\"><br \/>\n  <\/a><br \/>\n  <a href=\"#\"><br \/>\n  <\/a><br \/>\n  <a href=\"#\"><br \/>\n  <\/a><br \/>\n  <!-- Column 2--><br \/>\n  <img decoding=\"async\" src=\"img\/LUNA YANINA.png\" \/><\/p>\n<h3>Luna Yanina<\/h3>\n<p>Direcci\u00f3n de Inspecci\u00f3n Urbana<\/p>\n<ul>\n<li>\n  <a href=\"https:\/\/www.google.com.ar\/maps\/place\/Municipalidad+de+General+Alvear\/@-36.0220575,-60.0144809,18.75z\/data=!4m6!3m5!1s0x9595f783b5aa23e3:0xe3ea7ed26c439e63!8m2!3d-36.0223467!4d-60.0149356!16s%2Fg%2F1v3kp7g_?entry=ttu\" target=\"_blank\" rel=\"noopener\">\t <\/p>\n<p>Palacio Municipal<\/p>\n<p><\/a>\n  <\/li>\n<\/ul>\n<ul>\n<li>\n  <a href=\"tel:2344480055\">\t <\/p>\n<p>(02344) 48-0055<\/p>\n<p><\/a>\n  <\/li>\n<\/ul>\n<ul>\n<li>\n  <a href=\"mailto:gobierno@munialvear.gov.ar\">\t <\/p>\n<p>gobierno@munialvear.gov.ar<\/p>\n<p><\/a>\n  <\/li>\n<\/ul>\n<p>  <a href=\"#\"><br \/>\n  <\/a><br \/>\n  <a href=\"#\"><br \/>\n  <\/a><br \/>\n  <a href=\"#\"><br \/>\n  <\/a><br \/>\n  <a href=\"#\"><br \/>\n  <\/a><br \/>\n  <!-- Column 3--><br \/>\n  <img decoding=\"async\" src=\"img\/DELIA SEBASTIAN.png\" \/><\/p>\n<h3>D&#8217;el\u00eda, Sebasti\u00e1n<\/h3>\n<p>Direcci\u00f3n de Obras P\u00fablicas<\/p>\n<ul>\n<li>\n  <a href=\"https:\/\/www.google.com.ar\/maps\/place\/Municipalidad+de+General+Alvear\/@-36.0220575,-60.0144809,18.75z\/data=!4m6!3m5!1s0x9595f783b5aa23e3:0xe3ea7ed26c439e63!8m2!3d-36.0223467!4d-60.0149356!16s%2Fg%2F1v3kp7g_?entry=ttu\" target=\"_blank\" rel=\"noopener\">\t <\/p>\n<p>Palacio Municipal<\/p>\n<p><\/a>\n  <\/li>\n<\/ul>\n<ul>\n<li>\n  <a href=\"tel:2344480055\">\t <\/p>\n<p>(02344) 48-0055<\/p>\n<p><\/a>\n  <\/li>\n<\/ul>\n<ul>\n<li>\n  <a href=\"mailto:gobierno@munialvear.gov.ar\">\t <\/p>\n<p>gobierno@munialvear.gov.ar<\/p>\n<p><\/a>\n  <\/li>\n<\/ul>\n<p>  <a href=\"#\"><br \/>\n  <\/a><br \/>\n  <a href=\"#\"><br \/>\n  <\/a><br \/>\n  <a href=\"#\"><br \/>\n  <\/a><br \/>\n  <a href=\"#\"><br \/>\n  <\/a><br \/>\n  <!-- Column 4--><br \/>\n  <img decoding=\"async\" src=\"img\/FIGUEROA IVON.png\" \/><\/p>\n<h3>Figueroa, Ivon<\/h3>\n<p>Direcci\u00f3n Hogar de Ancianos<\/p>\n<ul>\n<li>\n  <a href=\"https:\/\/www.google.com.ar\/maps\/place\/Municipalidad+de+General+Alvear\/@-36.0220575,-60.0144809,18.75z\/data=!4m6!3m5!1s0x9595f783b5aa23e3:0xe3ea7ed26c439e63!8m2!3d-36.0223467!4d-60.0149356!16s%2Fg%2F1v3kp7g_?entry=ttu\" target=\"_blank\" rel=\"noopener\">\t <\/p>\n<p>Palacio Municipal<\/p>\n<p><\/a>\n  <\/li>\n<\/ul>\n<ul>\n<li>\n  <a href=\"tel:2344480055\">\t <\/p>\n<p>(02344) 48-0055<\/p>\n<p><\/a>\n  <\/li>\n<\/ul>\n<ul>\n<li>\n  <a href=\"mailto:gobierno@munialvear.gov.ar\">\t <\/p>\n<p>gobierno@munialvear.gov.ar<\/p>\n<p><\/a>\n  <\/li>\n<\/ul>\n<p>  <a href=\"#\"><br \/>\n  <\/a><br \/>\n  <a href=\"#\"><br \/>\n  <\/a><br \/>\n  <a href=\"#\"><br \/>\n  <\/a><br \/>\n  <a href=\"#\"><br \/>\n  <\/a><br \/>\n  <\/section>\n<p>  <\/body><br \/>\n <\/html><\/p>\n","protected":false},"excerpt":{"rendered":"<p>Autoridades y \u00e1reas Autoridades y \u00e1reas de Gesti\u00f3n Capra, Ram\u00f3n Jos\u00e9 Intendente Municipal Gallo, Pedro Jefe de Gabinete Sayos, Moramay Secretar\u00eda de gobierno Hipolito Yrigoyen 630 (02344) 48-0055 gobierno@munialvear.gov.ar Caballero, Florencia Secretar\u00eda de Hacienda Hipolito Yrigoyen 630 (02344) 48-0055 hacienda@munialvear.gov.ar Garc\u00eda, Mat\u00edas Secretar\u00eda de Salud PEDIR DIRECCION (02344) 48-0055 salud@munialvear.gov.ar [&hellip;]<\/p>\n","protected":false},"author":1,"featured_media":0,"parent":0,"menu_order":0,"comment_status":"closed","ping_status":"closed","template":"","meta":{"footnotes":""},"class_list":["post-6095","page","type-page","status-publish","hentry"],"yoast_head":"<!-- This site is optimized with the Yoast SEO plugin v27.0 - https:\/\/yoast.com\/product\/yoast-seo-wordpress\/ -->\n<title>AUTORIDADES - Municipalidad de General Alvear<\/title>\n<meta name=\"robots\" content=\"index, follow, max-snippet:-1, max-image-preview:large, max-video-preview:-1\" \/>\n<link rel=\"canonical\" href=\"\/?page_id=6095\" \/>\n<meta property=\"og:locale\" content=\"es_ES\" \/>\n<meta property=\"og:type\" content=\"article\" \/>\n<meta property=\"og:title\" content=\"AUTORIDADES - Municipalidad de General Alvear\" \/>\n<meta property=\"og:description\" content=\"Autoridades y \u00e1reas Autoridades y \u00e1reas de Gesti\u00f3n Capra, Ram\u00f3n Jos\u00e9 Intendente Municipal Gallo, Pedro Jefe de Gabinete Sayos, Moramay Secretar\u00eda de gobierno Hipolito Yrigoyen 630 (02344) 48-0055 gobierno@munialvear.gov.ar Caballero, Florencia Secretar\u00eda de Hacienda Hipolito Yrigoyen 630 (02344) 48-0055 hacienda@munialvear.gov.ar Garc\u00eda, Mat\u00edas Secretar\u00eda de Salud PEDIR DIRECCION (02344) 48-0055 salud@munialvear.gov.ar [&hellip;]\" \/>\n<meta property=\"og:url\" content=\"\/?page_id=6095\" \/>\n<meta property=\"og:site_name\" content=\"Municipalidad de General Alvear\" \/>\n<meta property=\"article:modified_time\" content=\"2026-03-17T10:39:37+00:00\" \/>\n<meta name=\"twitter:card\" content=\"summary_large_image\" \/>\n<meta name=\"twitter:label1\" content=\"Tiempo de lectura\" \/>\n\t<meta name=\"twitter:data1\" content=\"6 minutos\" \/>\n<script type=\"application\/ld+json\" class=\"yoast-schema-graph\">{\"@context\":\"https:\/\/schema.org\",\"@graph\":[{\"@type\":\"WebPage\",\"@id\":\"\/?page_id=6095\",\"url\":\"\/?page_id=6095\",\"name\":\"AUTORIDADES - Municipalidad de General Alvear\",\"isPartOf\":{\"@id\":\"\/#website\"},\"datePublished\":\"2024-01-10T13:25:45+00:00\",\"dateModified\":\"2026-03-17T10:39:37+00:00\",\"breadcrumb\":{\"@id\":\"\/?page_id=6095#breadcrumb\"},\"inLanguage\":\"es\",\"potentialAction\":[{\"@type\":\"ReadAction\",\"target\":[\"\/?page_id=6095\"]}]},{\"@type\":\"BreadcrumbList\",\"@id\":\"\/?page_id=6095#breadcrumb\",\"itemListElement\":[{\"@type\":\"ListItem\",\"position\":1,\"name\":\"Portada\",\"item\":\"\/\"},{\"@type\":\"ListItem\",\"position\":2,\"name\":\"AUTORIDADES\"}]},{\"@type\":\"WebSite\",\"@id\":\"\/#website\",\"url\":\"\/\",\"name\":\"Municipalidad de General Alvear\",\"description\":\"\",\"publisher\":{\"@id\":\"\/#organization\"},\"potentialAction\":[{\"@type\":\"SearchAction\",\"target\":{\"@type\":\"EntryPoint\",\"urlTemplate\":\"\/?s={search_term_string}\"},\"query-input\":{\"@type\":\"PropertyValueSpecification\",\"valueRequired\":true,\"valueName\":\"search_term_string\"}}],\"inLanguage\":\"es\"},{\"@type\":\"Organization\",\"@id\":\"\/#organization\",\"name\":\"Municipalidad de General Alvear\",\"url\":\"\/\",\"logo\":{\"@type\":\"ImageObject\",\"inLanguage\":\"es\",\"@id\":\"\/#\/schema\/logo\/image\/\",\"url\":\"\/wp-content\/uploads\/2023\/09\/cropped-logo-muni.png\",\"contentUrl\":\"\/wp-content\/uploads\/2023\/09\/cropped-logo-muni.png\",\"width\":776,\"height\":725,\"caption\":\"Municipalidad de General Alvear\"},\"image\":{\"@id\":\"\/#\/schema\/logo\/image\/\"}}]}<\/script>\n<!-- \/ Yoast SEO plugin. -->","yoast_head_json":{"title":"AUTORIDADES - Municipalidad de General Alvear","robots":{"index":"index","follow":"follow","max-snippet":"max-snippet:-1","max-image-preview":"max-image-preview:large","max-video-preview":"max-video-preview:-1"},"canonical":"\/?page_id=6095","og_locale":"es_ES","og_type":"article","og_title":"AUTORIDADES - Municipalidad de General Alvear","og_description":"Autoridades y \u00e1reas Autoridades y \u00e1reas de Gesti\u00f3n Capra, Ram\u00f3n Jos\u00e9 Intendente Municipal Gallo, Pedro Jefe de Gabinete Sayos, Moramay Secretar\u00eda de gobierno Hipolito Yrigoyen 630 (02344) 48-0055 gobierno@munialvear.gov.ar Caballero, Florencia Secretar\u00eda de Hacienda Hipolito Yrigoyen 630 (02344) 48-0055 hacienda@munialvear.gov.ar Garc\u00eda, Mat\u00edas Secretar\u00eda de Salud PEDIR DIRECCION (02344) 48-0055 salud@munialvear.gov.ar [&hellip;]","og_url":"\/?page_id=6095","og_site_name":"Municipalidad de General Alvear","article_modified_time":"2026-03-17T10:39:37+00:00","twitter_card":"summary_large_image","twitter_misc":{"Tiempo de lectura":"6 minutos"},"schema":{"@context":"https:\/\/schema.org","@graph":[{"@type":"WebPage","@id":"\/?page_id=6095","url":"\/?page_id=6095","name":"AUTORIDADES - Municipalidad de General Alvear","isPartOf":{"@id":"\/#website"},"datePublished":"2024-01-10T13:25:45+00:00","dateModified":"2026-03-17T10:39:37+00:00","breadcrumb":{"@id":"\/?page_id=6095#breadcrumb"},"inLanguage":"es","potentialAction":[{"@type":"ReadAction","target":["\/?page_id=6095"]}]},{"@type":"BreadcrumbList","@id":"\/?page_id=6095#breadcrumb","itemListElement":[{"@type":"ListItem","position":1,"name":"Portada","item":"\/"},{"@type":"ListItem","position":2,"name":"AUTORIDADES"}]},{"@type":"WebSite","@id":"\/#website","url":"\/","name":"Municipalidad de General Alvear","description":"","publisher":{"@id":"\/#organization"},"potentialAction":[{"@type":"SearchAction","target":{"@type":"EntryPoint","urlTemplate":"\/?s={search_term_string}"},"query-input":{"@type":"PropertyValueSpecification","valueRequired":true,"valueName":"search_term_string"}}],"inLanguage":"es"},{"@type":"Organization","@id":"\/#organization","name":"Municipalidad de General Alvear","url":"\/","logo":{"@type":"ImageObject","inLanguage":"es","@id":"\/#\/schema\/logo\/image\/","url":"\/wp-content\/uploads\/2023\/09\/cropped-logo-muni.png","contentUrl":"\/wp-content\/uploads\/2023\/09\/cropped-logo-muni.png","width":776,"height":725,"caption":"Municipalidad de General Alvear"},"image":{"@id":"\/#\/schema\/logo\/image\/"}}]}},"_links":{"self":[{"href":"\/index.php?rest_route=\/wp\/v2\/pages\/6095","targetHints":{"allow":["GET"]}}],"collection":[{"href":"\/index.php?rest_route=\/wp\/v2\/pages"}],"about":[{"href":"\/index.php?rest_route=\/wp\/v2\/types\/page"}],"author":[{"embeddable":true,"href":"\/index.php?rest_route=\/wp\/v2\/users\/1"}],"replies":[{"embeddable":true,"href":"\/index.php?rest_route=%2Fwp%2Fv2%2Fcomments&post=6095"}],"version-history":[{"count":11,"href":"\/index.php?rest_route=\/wp\/v2\/pages\/6095\/revisions"}],"predecessor-version":[{"id":10242,"href":"\/index.php?rest_route=\/wp\/v2\/pages\/6095\/revisions\/10242"}],"wp:attachment":[{"href":"\/index.php?rest_route=%2Fwp%2Fv2%2Fmedia&parent=6095"}],"curies":[{"name":"wp","href":"https:\/\/api.w.org\/{rel}","templated":true}]}}