{"id":6065,"date":"2024-01-05T15:29:13","date_gmt":"2024-01-05T14:29:13","guid":{"rendered":"https:\/\/186.33.211.177\/webmuni\/?page_id=6065"},"modified":"2024-07-30T12:40:42","modified_gmt":"2024-07-30T10:40:42","slug":"proveedores","status":"publish","type":"page","link":"\/?page_id=6065","title":{"rendered":"PROVEEDORES"},"content":{"rendered":"\t\t<div data-elementor-type=\"wp-page\" data-elementor-id=\"6065\" class=\"elementor elementor-6065\">\n\t\t\t\t<div class=\"elementor-element elementor-element-21b2059b e-flex e-con-boxed e-con e-parent\" data-id=\"21b2059b\" data-element_type=\"container\" data-e-type=\"container\">\n\t\t\t\t\t<div class=\"e-con-inner\">\n\t\t\t\t<div class=\"elementor-element elementor-element-657414bb elementor-widget elementor-widget-text-editor\" data-id=\"657414bb\" data-element_type=\"widget\" data-e-type=\"widget\" data-widget_type=\"text-editor.default\">\n\t\t\t\t<div class=\"elementor-widget-container\">\n\t\t\t\t\t\t\t\t\t\n<div class=\"wp-block-group\"><div class=\"wp-block-group__inner-container is-layout-constrained wp-block-group-is-layout-constrained\">\n<div class=\"wp-block-columns is-layout-flex wp-container-core-columns-is-layout-9d6595d7 wp-block-columns-is-layout-flex\">\n<div class=\"wp-block-column is-layout-flow wp-block-column-is-layout-flow\">\n<div class=\"wp-block-columns is-layout-flex wp-container-core-columns-is-layout-9d6595d7 wp-block-columns-is-layout-flex\">\n<div class=\"wp-block-column is-layout-flow wp-block-column-is-layout-flow\">\n<div class=\"wp-block-columns is-layout-flex wp-container-core-columns-is-layout-9d6595d7 wp-block-columns-is-layout-flex\">\n<div class=\"wp-block-column is-layout-flow wp-block-column-is-layout-flow\" style=\"flex-basis:33.33%\">\n<div class=\"wp-block-columns is-layout-flex wp-container-core-columns-is-layout-9d6595d7 wp-block-columns-is-layout-flex\"><\/div>\n<\/div>\n<\/div>\n<\/div>\n<\/div>\n<\/div>\n<\/div>\n<\/div><\/div>\n\n\n\n<div class=\"wp-block-columns is-layout-flex wp-container-core-columns-is-layout-9d6595d7 wp-block-columns-is-layout-flex\">\n<div class=\"wp-block-column is-layout-flow wp-block-column-is-layout-flow\"><\/div>\n\n\n\n<div class=\"wp-block-column is-layout-flow wp-block-column-is-layout-flow\"><\/div>\n<\/div>\n\t\t\t\t\t\t\t\t<\/div>\n\t\t\t\t<\/div>\n\t\t\t\t\t<\/div>\n\t\t\t\t<\/div>\n\t\t<div class=\"elementor-element elementor-element-c35d6ff e-flex e-con-boxed e-con e-parent\" data-id=\"c35d6ff\" data-element_type=\"container\" data-e-type=\"container\">\n\t\t\t\t\t<div class=\"e-con-inner\">\n\t\t<div class=\"elementor-element elementor-element-c7df582 e-con-full e-flex e-con e-child\" data-id=\"c7df582\" data-element_type=\"container\" data-e-type=\"container\">\n\t\t\t\t<div class=\"elementor-element elementor-element-293870a e-transform elementor-view-framed elementor-shape-circle elementor-mobile-position-block-start elementor-widget elementor-widget-icon-box\" data-id=\"293870a\" data-element_type=\"widget\" data-e-type=\"widget\" data-settings=\"{&quot;_transform_scale_effect_hover&quot;:{&quot;unit&quot;:&quot;px&quot;,&quot;size&quot;:1.1,&quot;sizes&quot;:[]},&quot;_transform_scale_effect_hover_tablet&quot;:{&quot;unit&quot;:&quot;px&quot;,&quot;size&quot;:&quot;&quot;,&quot;sizes&quot;:[]},&quot;_transform_scale_effect_hover_mobile&quot;:{&quot;unit&quot;:&quot;px&quot;,&quot;size&quot;:&quot;&quot;,&quot;sizes&quot;:[]}}\" data-widget_type=\"icon-box.default\">\n\t\t\t\t<div class=\"elementor-widget-container\">\n\t\t\t\t\t\t\t<div class=\"elementor-icon-box-wrapper\">\n\n\t\t\t\t\t\t<div class=\"elementor-icon-box-icon\">\n\t\t\t\t<a href=\"http:\/\/186.33.211.177\/webmuni\/wp-content\/uploads\/2024\/02\/solicitud-mod.pdf\" target=\"_blank\" class=\"elementor-icon\" tabindex=\"-1\" aria-label=\"FORMULARIO DE INSCRIPCI\u00d3N\">\n\t\t\t\t<i aria-hidden=\"true\" class=\"far fa-file-alt\"><\/i>\t\t\t\t<\/a>\n\t\t\t<\/div>\n\t\t\t\n\t\t\t\t\t\t<div class=\"elementor-icon-box-content\">\n\n\t\t\t\t\t\t\t\t\t<p class=\"elementor-icon-box-title\">\n\t\t\t\t\t\t<a href=\"http:\/\/186.33.211.177\/webmuni\/wp-content\/uploads\/2024\/02\/solicitud-mod.pdf\" target=\"_blank\" >\n\t\t\t\t\t\t\tFORMULARIO DE INSCRIPCI\u00d3N\t\t\t\t\t\t<\/a>\n\t\t\t\t\t<\/p>\n\t\t\t\t\n\t\t\t\t\n\t\t\t<\/div>\n\t\t\t\n\t\t<\/div>\n\t\t\t\t\t\t<\/div>\n\t\t\t\t<\/div>\n\t\t\t\t<div class=\"elementor-element elementor-element-86df5c0 e-transform e-transform elementor-view-framed elementor-shape-circle elementor-mobile-position-block-start elementor-widget elementor-widget-icon-box\" data-id=\"86df5c0\" data-element_type=\"widget\" data-e-type=\"widget\" data-settings=\"{&quot;_transform_scale_effect_hover&quot;:{&quot;unit&quot;:&quot;px&quot;,&quot;size&quot;:1.1,&quot;sizes&quot;:[]},&quot;_transform_scale_effect&quot;:{&quot;unit&quot;:&quot;px&quot;,&quot;size&quot;:&quot;&quot;,&quot;sizes&quot;:[]},&quot;_transform_scale_effect_tablet&quot;:{&quot;unit&quot;:&quot;px&quot;,&quot;size&quot;:&quot;&quot;,&quot;sizes&quot;:[]},&quot;_transform_scale_effect_mobile&quot;:{&quot;unit&quot;:&quot;px&quot;,&quot;size&quot;:&quot;&quot;,&quot;sizes&quot;:[]},&quot;_transform_scale_effect_hover_tablet&quot;:{&quot;unit&quot;:&quot;px&quot;,&quot;size&quot;:&quot;&quot;,&quot;sizes&quot;:[]},&quot;_transform_scale_effect_hover_mobile&quot;:{&quot;unit&quot;:&quot;px&quot;,&quot;size&quot;:&quot;&quot;,&quot;sizes&quot;:[]}}\" data-widget_type=\"icon-box.default\">\n\t\t\t\t<div class=\"elementor-widget-container\">\n\t\t\t\t\t\t\t<div class=\"elementor-icon-box-wrapper\">\n\n\t\t\t\t\t\t<div class=\"elementor-icon-box-icon\">\n\t\t\t\t<a href=\"http:\/\/186.33.211.177\/webmuni\/wp-content\/uploads\/2024\/02\/FORM-35-MOD.pdf\" target=\"_blank\" class=\"elementor-icon\" tabindex=\"-1\" aria-label=\"ACREDITACION CTA BANCARIA\">\n\t\t\t\t<i aria-hidden=\"true\" class=\"fas fa-money-check-alt\"><\/i>\t\t\t\t<\/a>\n\t\t\t<\/div>\n\t\t\t\n\t\t\t\t\t\t<div class=\"elementor-icon-box-content\">\n\n\t\t\t\t\t\t\t\t\t<p class=\"elementor-icon-box-title\">\n\t\t\t\t\t\t<a href=\"http:\/\/186.33.211.177\/webmuni\/wp-content\/uploads\/2024\/02\/FORM-35-MOD.pdf\" target=\"_blank\" >\n\t\t\t\t\t\t\tACREDITACION CTA BANCARIA\t\t\t\t\t\t<\/a>\n\t\t\t\t\t<\/p>\n\t\t\t\t\n\t\t\t\t\t\t\t\t\t<p class=\"elementor-icon-box-description\">\n\t\t\t\t\t\tFORMULARIO 35\t\t\t\t\t<\/p>\n\t\t\t\t\n\t\t\t<\/div>\n\t\t\t\n\t\t<\/div>\n\t\t\t\t\t\t<\/div>\n\t\t\t\t<\/div>\n\t\t\t\t<\/div>\n\t\t<div class=\"elementor-element elementor-element-6d499ad e-con-full e-flex e-con e-child\" data-id=\"6d499ad\" data-element_type=\"container\" data-e-type=\"container\">\n\t\t\t\t<div class=\"elementor-element elementor-element-e852f04 e-transform e-transform elementor-view-framed elementor-shape-circle elementor-mobile-position-block-start elementor-widget elementor-widget-icon-box\" data-id=\"e852f04\" data-element_type=\"widget\" data-e-type=\"widget\" data-settings=\"{&quot;_transform_scale_effect_hover&quot;:{&quot;unit&quot;:&quot;px&quot;,&quot;size&quot;:1.1,&quot;sizes&quot;:[]},&quot;_transform_rotateZ_effect_hover&quot;:{&quot;unit&quot;:&quot;px&quot;,&quot;size&quot;:&quot;&quot;,&quot;sizes&quot;:[]},&quot;_transform_rotateZ_effect_hover_tablet&quot;:{&quot;unit&quot;:&quot;deg&quot;,&quot;size&quot;:&quot;&quot;,&quot;sizes&quot;:[]},&quot;_transform_rotateZ_effect_hover_mobile&quot;:{&quot;unit&quot;:&quot;deg&quot;,&quot;size&quot;:&quot;&quot;,&quot;sizes&quot;:[]},&quot;_transform_scale_effect_hover_tablet&quot;:{&quot;unit&quot;:&quot;px&quot;,&quot;size&quot;:&quot;&quot;,&quot;sizes&quot;:[]},&quot;_transform_scale_effect_hover_mobile&quot;:{&quot;unit&quot;:&quot;px&quot;,&quot;size&quot;:&quot;&quot;,&quot;sizes&quot;:[]}}\" data-widget_type=\"icon-box.default\">\n\t\t\t\t<div class=\"elementor-widget-container\">\n\t\t\t\t\t\t\t<div class=\"elementor-icon-box-wrapper\">\n\n\t\t\t\t\t\t<div class=\"elementor-icon-box-icon\">\n\t\t\t\t<a href=\"http:\/\/186.33.211.177\/webmuni\/wp-content\/uploads\/2024\/02\/DJ_JURIDICAS-MOD.pdf\" target=\"_blank\" class=\"elementor-icon\" tabindex=\"-1\" aria-label=\"REGISTRO DE PROVEEDORES\">\n\t\t\t\t<i aria-hidden=\"true\" class=\"far fa-check-square\"><\/i>\t\t\t\t<\/a>\n\t\t\t<\/div>\n\t\t\t\n\t\t\t\t\t\t<div class=\"elementor-icon-box-content\">\n\n\t\t\t\t\t\t\t\t\t<p class=\"elementor-icon-box-title\">\n\t\t\t\t\t\t<a href=\"http:\/\/186.33.211.177\/webmuni\/wp-content\/uploads\/2024\/02\/DJ_JURIDICAS-MOD.pdf\" target=\"_blank\" >\n\t\t\t\t\t\t\tREGISTRO DE PROVEEDORES\t\t\t\t\t\t<\/a>\n\t\t\t\t\t<\/p>\n\t\t\t\t\n\t\t\t\t\t\t\t\t\t<p class=\"elementor-icon-box-description\">\n\t\t\t\t\t\tDDJJ PERSONAS JUR\u00cdDICAS\t\t\t\t\t<\/p>\n\t\t\t\t\n\t\t\t<\/div>\n\t\t\t\n\t\t<\/div>\n\t\t\t\t\t\t<\/div>\n\t\t\t\t<\/div>\n\t\t\t\t<\/div>\n\t\t<div class=\"elementor-element elementor-element-4000b9d e-con-full e-flex e-con e-child\" data-id=\"4000b9d\" data-element_type=\"container\" data-e-type=\"container\">\n\t\t\t\t<div class=\"elementor-element elementor-element-cc17b0c e-transform elementor-view-framed elementor-shape-circle elementor-mobile-position-block-start elementor-widget elementor-widget-icon-box\" data-id=\"cc17b0c\" data-element_type=\"widget\" data-e-type=\"widget\" data-settings=\"{&quot;_transform_scale_effect_hover&quot;:{&quot;unit&quot;:&quot;px&quot;,&quot;size&quot;:1.1,&quot;sizes&quot;:[]},&quot;_transform_scale_effect_hover_tablet&quot;:{&quot;unit&quot;:&quot;px&quot;,&quot;size&quot;:&quot;&quot;,&quot;sizes&quot;:[]},&quot;_transform_scale_effect_hover_mobile&quot;:{&quot;unit&quot;:&quot;px&quot;,&quot;size&quot;:&quot;&quot;,&quot;sizes&quot;:[]}}\" data-widget_type=\"icon-box.default\">\n\t\t\t\t<div class=\"elementor-widget-container\">\n\t\t\t\t\t\t\t<div class=\"elementor-icon-box-wrapper\">\n\n\t\t\t\t\t\t<div class=\"elementor-icon-box-icon\">\n\t\t\t\t<a href=\"http:\/\/186.33.211.177\/webmuni\/wp-content\/uploads\/2024\/02\/documentacion-mod.pdf\" target=\"_blank\" class=\"elementor-icon\" tabindex=\"-1\" aria-label=\"REGISTRO DE PROVEEDORES\">\n\t\t\t\t<i aria-hidden=\"true\" class=\"fas fa-pencil-alt\"><\/i>\t\t\t\t<\/a>\n\t\t\t<\/div>\n\t\t\t\n\t\t\t\t\t\t<div class=\"elementor-icon-box-content\">\n\n\t\t\t\t\t\t\t\t\t<p class=\"elementor-icon-box-title\">\n\t\t\t\t\t\t<a href=\"http:\/\/186.33.211.177\/webmuni\/wp-content\/uploads\/2024\/02\/documentacion-mod.pdf\" target=\"_blank\" >\n\t\t\t\t\t\t\tREGISTRO DE PROVEEDORES\t\t\t\t\t\t<\/a>\n\t\t\t\t\t<\/p>\n\t\t\t\t\n\t\t\t\t\n\t\t\t<\/div>\n\t\t\t\n\t\t<\/div>\n\t\t\t\t\t\t<\/div>\n\t\t\t\t<\/div>\n\t\t\t\t<div class=\"elementor-element elementor-element-45a6351 e-transform e-transform elementor-view-framed elementor-shape-circle elementor-mobile-position-block-start elementor-widget elementor-widget-icon-box\" data-id=\"45a6351\" data-element_type=\"widget\" data-e-type=\"widget\" data-settings=\"{&quot;_transform_scale_effect&quot;:{&quot;unit&quot;:&quot;px&quot;,&quot;size&quot;:1,&quot;sizes&quot;:[]},&quot;_transform_scale_effect_hover&quot;:{&quot;unit&quot;:&quot;px&quot;,&quot;size&quot;:1.1,&quot;sizes&quot;:[]},&quot;_transform_scale_effect_tablet&quot;:{&quot;unit&quot;:&quot;px&quot;,&quot;size&quot;:&quot;&quot;,&quot;sizes&quot;:[]},&quot;_transform_scale_effect_mobile&quot;:{&quot;unit&quot;:&quot;px&quot;,&quot;size&quot;:&quot;&quot;,&quot;sizes&quot;:[]},&quot;_transform_scale_effect_hover_tablet&quot;:{&quot;unit&quot;:&quot;px&quot;,&quot;size&quot;:&quot;&quot;,&quot;sizes&quot;:[]},&quot;_transform_scale_effect_hover_mobile&quot;:{&quot;unit&quot;:&quot;px&quot;,&quot;size&quot;:&quot;&quot;,&quot;sizes&quot;:[]}}\" data-widget_type=\"icon-box.default\">\n\t\t\t\t<div class=\"elementor-widget-container\">\n\t\t\t\t\t\t\t<div class=\"elementor-icon-box-wrapper\">\n\n\t\t\t\t\t\t<div class=\"elementor-icon-box-icon\">\n\t\t\t\t<a href=\"http:\/\/186.33.211.177\/webmuni\/wp-content\/uploads\/2024\/02\/beneficiarios-mod.pdf\" target=\"_blank\" class=\"elementor-icon\" tabindex=\"-1\" aria-label=\"REGISTRO DE BENEFICIARIOS Y PODERES\">\n\t\t\t\t<i aria-hidden=\"true\" class=\"fas fa-clipboard-list\"><\/i>\t\t\t\t<\/a>\n\t\t\t<\/div>\n\t\t\t\n\t\t\t\t\t\t<div class=\"elementor-icon-box-content\">\n\n\t\t\t\t\t\t\t\t\t<p class=\"elementor-icon-box-title\">\n\t\t\t\t\t\t<a href=\"http:\/\/186.33.211.177\/webmuni\/wp-content\/uploads\/2024\/02\/beneficiarios-mod.pdf\" target=\"_blank\" >\n\t\t\t\t\t\t\tREGISTRO DE BENEFICIARIOS Y PODERES\t\t\t\t\t\t<\/a>\n\t\t\t\t\t<\/p>\n\t\t\t\t\n\t\t\t\t\n\t\t\t<\/div>\n\t\t\t\n\t\t<\/div>\n\t\t\t\t\t\t<\/div>\n\t\t\t\t<\/div>\n\t\t\t\t<\/div>\n\t\t\t\t\t<\/div>\n\t\t\t\t<\/div>\n\t\t<div class=\"elementor-element elementor-element-e1d9197 e-flex e-con-boxed e-con e-parent\" data-id=\"e1d9197\" data-element_type=\"container\" data-e-type=\"container\">\n\t\t\t\t\t<div class=\"e-con-inner\">\n\t\t\t\t<div class=\"elementor-element elementor-element-a38342f elementor-widget elementor-widget-heading\" data-id=\"a38342f\" data-element_type=\"widget\" data-e-type=\"widget\" data-widget_type=\"heading.default\">\n\t\t\t\t<div class=\"elementor-widget-container\">\n\t\t\t\t\t<h2 class=\"elementor-heading-title elementor-size-default\">La informaci\u00f3n debe remitirse al mail<a href=\"mailto:compras@munialvear.com\"> compras@munialvear.com<\/a><\/h2>\t\t\t\t<\/div>\n\t\t\t\t<\/div>\n\t\t\t\t\t<\/div>\n\t\t\t\t<\/div>\n\t\t<div class=\"elementor-element elementor-element-ab945ae e-flex e-con-boxed e-con e-parent\" data-id=\"ab945ae\" data-element_type=\"container\" data-e-type=\"container\">\n\t\t\t\t\t<div class=\"e-con-inner\">\n\t\t\t\t\t<\/div>\n\t\t\t\t<\/div>\n\t\t\t\t<\/div>\n\t\t","protected":false},"excerpt":{"rendered":"<p>FORMULARIO DE INSCRIPCI\u00d3N ACREDITACION CTA BANCARIA FORMULARIO 35 REGISTRO DE PROVEEDORES DDJJ PERSONAS JUR\u00cdDICAS REGISTRO DE PROVEEDORES REGISTRO DE BENEFICIARIOS Y PODERES La informaci\u00f3n debe remitirse al mail compras@munialvear.com<\/p>\n","protected":false},"author":1,"featured_media":6060,"parent":0,"menu_order":0,"comment_status":"closed","ping_status":"closed","template":"page-templates\/template-fullwidth.php","meta":{"footnotes":""},"class_list":["post-6065","page","type-page","status-publish","has-post-thumbnail","hentry"],"yoast_head":"<!-- This site is optimized with the Yoast SEO plugin v27.0 - https:\/\/yoast.com\/product\/yoast-seo-wordpress\/ -->\n<title>PROVEEDORES - Municipalidad de General Alvear<\/title>\n<meta name=\"robots\" content=\"index, follow, max-snippet:-1, max-image-preview:large, max-video-preview:-1\" \/>\n<link rel=\"canonical\" href=\"\/?page_id=6065\" \/>\n<meta property=\"og:locale\" content=\"es_ES\" \/>\n<meta property=\"og:type\" content=\"article\" \/>\n<meta property=\"og:title\" content=\"PROVEEDORES - Municipalidad de General Alvear\" \/>\n<meta property=\"og:description\" content=\"FORMULARIO DE INSCRIPCI\u00d3N ACREDITACION CTA BANCARIA FORMULARIO 35 REGISTRO DE PROVEEDORES DDJJ PERSONAS JUR\u00cdDICAS REGISTRO DE PROVEEDORES REGISTRO DE BENEFICIARIOS Y PODERES La informaci\u00f3n debe remitirse al mail compras@munialvear.com\" \/>\n<meta property=\"og:url\" content=\"\/?page_id=6065\" \/>\n<meta property=\"og:site_name\" content=\"Municipalidad de General Alvear\" \/>\n<meta property=\"article:modified_time\" content=\"2024-07-30T10:40:42+00:00\" \/>\n<meta property=\"og:image\" content=\"\/wp-content\/uploads\/2014\/10\/proveedores-1024x512.png\" \/>\n\t<meta property=\"og:image:width\" content=\"1024\" \/>\n\t<meta property=\"og:image:height\" content=\"512\" \/>\n\t<meta property=\"og:image:type\" content=\"image\/png\" \/>\n<meta name=\"twitter:card\" content=\"summary_large_image\" \/>\n<meta name=\"twitter:label1\" content=\"Tiempo de lectura\" \/>\n\t<meta name=\"twitter:data1\" content=\"1 minuto\" \/>\n<script type=\"application\/ld+json\" class=\"yoast-schema-graph\">{\"@context\":\"https:\/\/schema.org\",\"@graph\":[{\"@type\":\"WebPage\",\"@id\":\"\/?page_id=6065\",\"url\":\"\/?page_id=6065\",\"name\":\"PROVEEDORES - Municipalidad de General Alvear\",\"isPartOf\":{\"@id\":\"\/#website\"},\"primaryImageOfPage\":{\"@id\":\"\/?page_id=6065#primaryimage\"},\"image\":{\"@id\":\"\/?page_id=6065#primaryimage\"},\"thumbnailUrl\":\"\/wp-content\/uploads\/2014\/10\/proveedores.png\",\"datePublished\":\"2024-01-05T14:29:13+00:00\",\"dateModified\":\"2024-07-30T10:40:42+00:00\",\"breadcrumb\":{\"@id\":\"\/?page_id=6065#breadcrumb\"},\"inLanguage\":\"es\",\"potentialAction\":[{\"@type\":\"ReadAction\",\"target\":[\"\/?page_id=6065\"]}]},{\"@type\":\"ImageObject\",\"inLanguage\":\"es\",\"@id\":\"\/?page_id=6065#primaryimage\",\"url\":\"\/wp-content\/uploads\/2014\/10\/proveedores.png\",\"contentUrl\":\"\/wp-content\/uploads\/2014\/10\/proveedores.png\",\"width\":3456,\"height\":1728},{\"@type\":\"BreadcrumbList\",\"@id\":\"\/?page_id=6065#breadcrumb\",\"itemListElement\":[{\"@type\":\"ListItem\",\"position\":1,\"name\":\"Portada\",\"item\":\"\/\"},{\"@type\":\"ListItem\",\"position\":2,\"name\":\"PROVEEDORES\"}]},{\"@type\":\"WebSite\",\"@id\":\"\/#website\",\"url\":\"\/\",\"name\":\"Municipalidad de General Alvear\",\"description\":\"\",\"publisher\":{\"@id\":\"\/#organization\"},\"potentialAction\":[{\"@type\":\"SearchAction\",\"target\":{\"@type\":\"EntryPoint\",\"urlTemplate\":\"\/?s={search_term_string}\"},\"query-input\":{\"@type\":\"PropertyValueSpecification\",\"valueRequired\":true,\"valueName\":\"search_term_string\"}}],\"inLanguage\":\"es\"},{\"@type\":\"Organization\",\"@id\":\"\/#organization\",\"name\":\"Municipalidad de General Alvear\",\"url\":\"\/\",\"logo\":{\"@type\":\"ImageObject\",\"inLanguage\":\"es\",\"@id\":\"\/#\/schema\/logo\/image\/\",\"url\":\"\/wp-content\/uploads\/2023\/09\/cropped-logo-muni.png\",\"contentUrl\":\"\/wp-content\/uploads\/2023\/09\/cropped-logo-muni.png\",\"width\":776,\"height\":725,\"caption\":\"Municipalidad de General Alvear\"},\"image\":{\"@id\":\"\/#\/schema\/logo\/image\/\"}}]}<\/script>\n<!-- \/ Yoast SEO plugin. -->","yoast_head_json":{"title":"PROVEEDORES - Municipalidad de General Alvear","robots":{"index":"index","follow":"follow","max-snippet":"max-snippet:-1","max-image-preview":"max-image-preview:large","max-video-preview":"max-video-preview:-1"},"canonical":"\/?page_id=6065","og_locale":"es_ES","og_type":"article","og_title":"PROVEEDORES - Municipalidad de General Alvear","og_description":"FORMULARIO DE INSCRIPCI\u00d3N ACREDITACION CTA BANCARIA FORMULARIO 35 REGISTRO DE PROVEEDORES DDJJ PERSONAS JUR\u00cdDICAS REGISTRO DE PROVEEDORES REGISTRO DE BENEFICIARIOS Y PODERES La informaci\u00f3n debe remitirse al mail compras@munialvear.com","og_url":"\/?page_id=6065","og_site_name":"Municipalidad de General Alvear","article_modified_time":"2024-07-30T10:40:42+00:00","og_image":[{"width":1024,"height":512,"url":"\/wp-content\/uploads\/2014\/10\/proveedores-1024x512.png","type":"image\/png"}],"twitter_card":"summary_large_image","twitter_misc":{"Tiempo de lectura":"1 minuto"},"schema":{"@context":"https:\/\/schema.org","@graph":[{"@type":"WebPage","@id":"\/?page_id=6065","url":"\/?page_id=6065","name":"PROVEEDORES - Municipalidad de General Alvear","isPartOf":{"@id":"\/#website"},"primaryImageOfPage":{"@id":"\/?page_id=6065#primaryimage"},"image":{"@id":"\/?page_id=6065#primaryimage"},"thumbnailUrl":"\/wp-content\/uploads\/2014\/10\/proveedores.png","datePublished":"2024-01-05T14:29:13+00:00","dateModified":"2024-07-30T10:40:42+00:00","breadcrumb":{"@id":"\/?page_id=6065#breadcrumb"},"inLanguage":"es","potentialAction":[{"@type":"ReadAction","target":["\/?page_id=6065"]}]},{"@type":"ImageObject","inLanguage":"es","@id":"\/?page_id=6065#primaryimage","url":"\/wp-content\/uploads\/2014\/10\/proveedores.png","contentUrl":"\/wp-content\/uploads\/2014\/10\/proveedores.png","width":3456,"height":1728},{"@type":"BreadcrumbList","@id":"\/?page_id=6065#breadcrumb","itemListElement":[{"@type":"ListItem","position":1,"name":"Portada","item":"\/"},{"@type":"ListItem","position":2,"name":"PROVEEDORES"}]},{"@type":"WebSite","@id":"\/#website","url":"\/","name":"Municipalidad de General Alvear","description":"","publisher":{"@id":"\/#organization"},"potentialAction":[{"@type":"SearchAction","target":{"@type":"EntryPoint","urlTemplate":"\/?s={search_term_string}"},"query-input":{"@type":"PropertyValueSpecification","valueRequired":true,"valueName":"search_term_string"}}],"inLanguage":"es"},{"@type":"Organization","@id":"\/#organization","name":"Municipalidad de General Alvear","url":"\/","logo":{"@type":"ImageObject","inLanguage":"es","@id":"\/#\/schema\/logo\/image\/","url":"\/wp-content\/uploads\/2023\/09\/cropped-logo-muni.png","contentUrl":"\/wp-content\/uploads\/2023\/09\/cropped-logo-muni.png","width":776,"height":725,"caption":"Municipalidad de General Alvear"},"image":{"@id":"\/#\/schema\/logo\/image\/"}}]}},"_links":{"self":[{"href":"\/index.php?rest_route=\/wp\/v2\/pages\/6065","targetHints":{"allow":["GET"]}}],"collection":[{"href":"\/index.php?rest_route=\/wp\/v2\/pages"}],"about":[{"href":"\/index.php?rest_route=\/wp\/v2\/types\/page"}],"author":[{"embeddable":true,"href":"\/index.php?rest_route=\/wp\/v2\/users\/1"}],"replies":[{"embeddable":true,"href":"\/index.php?rest_route=%2Fwp%2Fv2%2Fcomments&post=6065"}],"version-history":[{"count":25,"href":"\/index.php?rest_route=\/wp\/v2\/pages\/6065\/revisions"}],"predecessor-version":[{"id":9089,"href":"\/index.php?rest_route=\/wp\/v2\/pages\/6065\/revisions\/9089"}],"wp:featuredmedia":[{"embeddable":true,"href":"\/index.php?rest_route=\/wp\/v2\/media\/6060"}],"wp:attachment":[{"href":"\/index.php?rest_route=%2Fwp%2Fv2%2Fmedia&parent=6065"}],"curies":[{"name":"wp","href":"https:\/\/api.w.org\/{rel}","templated":true}]}}