{"id":5716,"date":"2023-10-02T13:15:40","date_gmt":"2023-10-02T11:15:40","guid":{"rendered":"http:\/\/localhost\/wordpress\/?page_id=5716"},"modified":"2024-07-15T17:24:20","modified_gmt":"2024-07-15T15:24:20","slug":"la-ciudad","status":"publish","type":"page","link":"\/?page_id=5716","title":{"rendered":"La ciudad"},"content":{"rendered":"\t\t<div data-elementor-type=\"wp-page\" data-elementor-id=\"5716\" class=\"elementor elementor-5716\">\n\t\t\t\t<div class=\"elementor-element elementor-element-687c9ff e-flex e-con-boxed e-con e-parent\" data-id=\"687c9ff\" data-element_type=\"container\" data-e-type=\"container\">\n\t\t\t\t\t<div class=\"e-con-inner\">\n\t\t\t\t<div class=\"elementor-element elementor-element-6bd2828 elementor-widget elementor-widget-text-editor\" data-id=\"6bd2828\" data-element_type=\"widget\" data-e-type=\"widget\" data-widget_type=\"text-editor.default\">\n\t\t\t\t<div class=\"elementor-widget-container\">\n\t\t\t\t\t\t\t\t\t<h2 class=\"wp-block-heading\" style=\"color: #3c4858;\">Caracteristicas de la Ciudad<\/h2>\n<p style=\"font-size: 18px;\"><\/p>\n<p style=\"font-size: 18px;\"><\/p>\n<p style=\"font-size: 18px;\">General Alvear (fecha de fundaci\u00f3n 22 de julio de 1869) est\u00e1 situado en plena llanura pampeana en el centro de la provincia de Bs As, tiene una extensi\u00f3n superior a los 3.000 Km2 y una poblaci\u00f3n estimada de 12.000 H. Su mayor actividad econ\u00f3mica es la ganader\u00eda y agricultura, fiel reflejo de un pueblo bonaerense. Nuestro partido est\u00e1 dividido en VII cuarteles, siendo la ciudad cabecera de Gral Alvear. Cuenta con varios parajes rurales, por ejemplo, El Chumbiao, Colonia San Salvador del Valle, Santa Isabel, El Parche, Los Gatos y El Tabare, tambi\u00e9n por 2 (dos) estaciones ferroviarias, Jos\u00e9 M Micheo y Emma.\u00a0\u00a0\u00a0\u00a0\u00a0\u00a0\u00a0\u00a0\u00a0\u00a0\u00a0\u00a0\u00a0\u00a0\u00a0\u00a0\u00a0\u00a0\u00a0\u00a0\u00a0\u00a0\u00a0\u00a0\u00a0\u00a0\u00a0\u00a0\u00a0\u00a0\u00a0\u00a0\u00a0\u00a0\u00a0\u00a0\u00a0\u00a0\u00a0\u00a0\u00a0\u00a0\u00a0\u00a0\u00a0\u00a0\u00a0\u00a0\u00a0\u00a0\u00a0\u00a0\u00a0\u00a0\u00a0\u00a0\u00a0\u00a0\u00a0\u00a0\u00a0\u00a0\u00a0\u00a0\u00a0\u00a0\u00a0\u00a0\u00a0\u00a0\u00a0\u00a0\u00a0\u00a0\u00a0\u00a0\u00a0\u00a0\u00a0\u00a0\u00a0\u00a0\u00a0<\/p>\n<p style=\"font-size: 18px;\"><\/p>\n<p style=\"font-size: 18px;\"><\/p>\n<p style=\"font-size: 18px;\">Nuestras v\u00edas de comunicaci\u00f3n son la ruta nacional 205, provincial 51, acceso ruta provincial 61, Ferrocarril ex Roca.<\/p>\t\t\t\t\t\t\t\t<\/div>\n\t\t\t\t<\/div>\n\t\t\t\t\t<\/div>\n\t\t\t\t<\/div>\n\t\t<div class=\"elementor-element elementor-element-52525b6 e-flex e-con-boxed e-con e-parent\" data-id=\"52525b6\" data-element_type=\"container\" data-e-type=\"container\">\n\t\t\t\t\t<div class=\"e-con-inner\">\n\t\t\t\t<div class=\"elementor-element elementor-element-a18c9d9 elementor-widget elementor-widget-text-editor\" data-id=\"a18c9d9\" data-element_type=\"widget\" data-e-type=\"widget\" data-widget_type=\"text-editor.default\">\n\t\t\t\t<div class=\"elementor-widget-container\">\n\t\t\t\t\t\t\t\t\t<h2 class=\"wp-block-heading\" style=\"color: rgb(60, 72, 88);\">Accesos y Planos<\/h2><p style=\"font-size: 18px;\"><\/p><p style=\"font-size: 18px;\"><\/p><p style=\"font-size: 18px;\">General Alvear tiene 3 alternativas como via de acceso terrestre:<\/p><p style=\"font-size: 18px;\"><strong>* Al este por ruta provincial N\u00b0 51:<\/strong>&nbsp;Por la cu\u00e1l se accede al principal acceso de la ciudad mediante la ruta provincial N\u00b0 61<\/p><p style=\"font-size: 18px;\"><strong>* Al oeste por ruta nacional N\u00b0 205:<\/strong>&nbsp;La cual conecta la ciudad tambien por medio de la ruta provincial n\u00b0 61<\/p><p style=\"font-size: 18px;\"><\/p><p style=\"font-size: 18px;\"><\/p><p style=\"font-size: 18px;\">* El Ferrocarril<\/p>\t\t\t\t\t\t\t\t<\/div>\n\t\t\t\t<\/div>\n\t\t\t\t\t<\/div>\n\t\t\t\t<\/div>\n\t\t<div class=\"elementor-element elementor-element-fad70fc e-flex e-con-boxed e-con e-parent\" data-id=\"fad70fc\" data-element_type=\"container\" data-e-type=\"container\">\n\t\t\t\t\t<div class=\"e-con-inner\">\n\t\t\t\t<div class=\"elementor-element elementor-element-5d3baa3 elementor-widget elementor-widget-google_maps\" data-id=\"5d3baa3\" data-element_type=\"widget\" data-e-type=\"widget\" data-widget_type=\"google_maps.default\">\n\t\t\t\t<div class=\"elementor-widget-container\">\n\t\t\t\t\t\t\t<div class=\"elementor-custom-embed\">\n\t\t\t<iframe loading=\"lazy\"\n\t\t\t\t\tsrc=\"https:\/\/maps.google.com\/maps?q=General%20Alvear%2C%20Buenos%20aires&#038;t=m&#038;z=13&#038;output=embed&#038;iwloc=near\"\n\t\t\t\t\ttitle=\"General Alvear, Buenos aires\"\n\t\t\t\t\taria-label=\"General Alvear, Buenos aires\"\n\t\t\t><\/iframe>\n\t\t<\/div>\n\t\t\t\t\t\t<\/div>\n\t\t\t\t<\/div>\n\t\t\t\t\t<\/div>\n\t\t\t\t<\/div>\n\t\t<div class=\"elementor-element elementor-element-979fe4f e-flex e-con-boxed e-con e-parent\" data-id=\"979fe4f\" data-element_type=\"container\" data-e-type=\"container\">\n\t\t\t\t\t<div class=\"e-con-inner\">\n\t\t\t\t<div class=\"elementor-element elementor-element-dc97145 elementor-widget elementor-widget-text-editor\" data-id=\"dc97145\" data-element_type=\"widget\" data-e-type=\"widget\" data-widget_type=\"text-editor.default\">\n\t\t\t\t<div class=\"elementor-widget-container\">\n\t\t\t\t\t\t\t\t\t<p style=\"box-sizing: border-box; -webkit-tap-highlight-color: transparent; padding: 0px; margin: 0px 0px 15px; font-size: 18px; line-height: 1.618; color: #3c4858; font-family: Roboto, Helvetica, Arial, sans-serif; font-style: normal; font-variant-ligatures: normal; font-variant-caps: normal; font-weight: 300; letter-spacing: normal; orphans: 2; text-align: start; text-indent: 0px; text-transform: none; widows: 2; word-spacing: 0px; -webkit-text-stroke-width: 0px; white-space: normal; background-color: #ffffff; text-decoration-thickness: initial; text-decoration-style: initial; text-decoration-color: initial;\"><\/p>\n<p style=\"box-sizing: border-box; -webkit-tap-highlight-color: transparent; padding: 0px; margin: 0px 0px 15px; font-size: 18px; line-height: 1.618; color: #3c4858; font-family: Roboto, Helvetica, Arial, sans-serif; font-style: normal; font-variant-ligatures: normal; font-variant-caps: normal; font-weight: 300; letter-spacing: normal; orphans: 2; text-align: start; text-indent: 0px; text-transform: none; widows: 2; word-spacing: 0px; -webkit-text-stroke-width: 0px; white-space: normal; background-color: #ffffff; text-decoration-thickness: initial; text-decoration-style: initial; text-decoration-color: initial;\"><\/p>\n<h3 class=\"wp-block-heading\" style=\"box-sizing: border-box; -webkit-tap-highlight-color: transparent; padding: 0px; margin: 0px 0px 15px; font-family: Roboto, Helvetica, Arial, sans-serif; font-weight: 500; line-height: 1.618; color: #3c4858; font-size: inherit; font-style: normal; font-variant-ligatures: normal; font-variant-caps: normal; letter-spacing: normal; orphans: 2; text-align: start; text-indent: 0px; text-transform: none; widows: 2; word-spacing: 0px; -webkit-text-stroke-width: 0px; white-space: normal; background-color: #ffffff; text-decoration-thickness: initial; text-decoration-style: initial; text-decoration-color: initial;\"><strong style=\"box-sizing: border-box; -webkit-tap-highlight-color: transparent; padding: 0px; margin: 0px; font-weight: bold;\">Caminos<\/strong><\/h3>\t\t\t\t\t\t\t\t<\/div>\n\t\t\t\t<\/div>\n\t\t\t\t\t<\/div>\n\t\t\t\t<\/div>\n\t\t<div class=\"elementor-element elementor-element-33dfa02 e-flex e-con-boxed e-con e-parent\" data-id=\"33dfa02\" data-element_type=\"container\" data-e-type=\"container\">\n\t\t\t\t\t<div class=\"e-con-inner\">\n\t\t\t\t<div class=\"elementor-element elementor-element-1b3c9fa elementor-widget elementor-widget-image\" data-id=\"1b3c9fa\" data-element_type=\"widget\" data-e-type=\"widget\" data-widget_type=\"image.default\">\n\t\t\t\t<div class=\"elementor-widget-container\">\n\t\t\t\t\t\t\t\t\t\t\t\t\t\t\t<img fetchpriority=\"high\" decoding=\"async\" width=\"750\" height=\"461\" src=\"\/wp-content\/uploads\/2014\/09\/mapa-alvear.jpg\" class=\"attachment-large size-large wp-image-114\" alt=\"\" srcset=\"\/wp-content\/uploads\/2014\/09\/mapa-alvear.jpg 933w, \/wp-content\/uploads\/2014\/09\/mapa-alvear-300x185.jpg 300w, \/wp-content\/uploads\/2014\/09\/mapa-alvear-768x472.jpg 768w\" sizes=\"(max-width: 750px) 100vw, 750px\" \/>\t\t\t\t\t\t\t\t\t\t\t\t\t\t\t<\/div>\n\t\t\t\t<\/div>\n\t\t\t\t\t<\/div>\n\t\t\t\t<\/div>\n\t\t<div class=\"elementor-element elementor-element-f2a1e9e e-flex e-con-boxed e-con e-parent\" data-id=\"f2a1e9e\" data-element_type=\"container\" data-e-type=\"container\">\n\t\t\t\t\t<div class=\"e-con-inner\">\n\t\t\t\t<div class=\"elementor-element elementor-element-f558183 elementor-widget elementor-widget-image\" data-id=\"f558183\" data-element_type=\"widget\" data-e-type=\"widget\" data-widget_type=\"image.default\">\n\t\t\t\t<div class=\"elementor-widget-container\">\n\t\t\t\t\t\t\t\t\t\t\t\t\t\t\t<img decoding=\"async\" width=\"701\" height=\"1024\" src=\"\/wp-content\/uploads\/2014\/09\/Alvear-701x1024.jpg\" class=\"attachment-large size-large wp-image-115\" alt=\"\" srcset=\"\/wp-content\/uploads\/2014\/09\/Alvear-701x1024.jpg 701w, \/wp-content\/uploads\/2014\/09\/Alvear-205x300.jpg 205w, \/wp-content\/uploads\/2014\/09\/Alvear-768x1123.jpg 768w, \/wp-content\/uploads\/2014\/09\/Alvear-1051x1536.jpg 1051w, \/wp-content\/uploads\/2014\/09\/Alvear-1401x2048.jpg 1401w, \/wp-content\/uploads\/2014\/09\/Alvear-scaled.jpg 1751w\" sizes=\"(max-width: 701px) 100vw, 701px\" \/>\t\t\t\t\t\t\t\t\t\t\t\t\t\t\t<\/div>\n\t\t\t\t<\/div>\n\t\t\t\t\t<\/div>\n\t\t\t\t<\/div>\n\t\t<div class=\"elementor-element elementor-element-0ae874d e-flex e-con-boxed e-con e-parent\" data-id=\"0ae874d\" data-element_type=\"container\" data-e-type=\"container\">\n\t\t\t\t\t<div class=\"e-con-inner\">\n\t\t\t\t<div class=\"elementor-element elementor-element-451c93b elementor-widget elementor-widget-text-editor\" data-id=\"451c93b\" data-element_type=\"widget\" data-e-type=\"widget\" data-widget_type=\"text-editor.default\">\n\t\t\t\t<div class=\"elementor-widget-container\">\n\t\t\t\t\t\t\t\t\t<h2 class=\"wp-block-heading\" style=\"color: #3c4858;\">Historia<\/h2>\n<p style=\"font-size: 18px;\"><\/p>\n<p style=\"font-size: 18px;\"><\/p>\n<p style=\"font-size: 18px;\">En 1836 con la expedici\u00f3n de Rosas, queda libre de malones la zona.<\/p>\n<p style=\"font-size: 18px;\"><\/p>\n<p style=\"font-size: 18px;\"><\/p>\n<p style=\"font-size: 18px;\">Hacia 1850\u00a0 reaparecen grupos de indios ladrones. Los jefes ind\u00edgenas Cachul y Catriel, con refuerzos enviados por Calfucur\u00e1 invadieron las estancias.<\/p>\n<p style=\"font-size: 18px;\"><\/p>\n<p style=\"font-size: 18px;\"><\/p>\n<p style=\"font-size: 18px;\">Bajo la gobernaci\u00f3n de Pastor Obligado, grupos de estancieros del partido de Saladillo y Las Flores solicitan la construcci\u00f3n de un fort\u00edn en la zona. Es as\u00ed, que el 29 de diciembre de 1853, se dicta el Decreto de la creaci\u00f3n del Fort\u00edn Esperanza, design\u00e1ndose Primer Comandante Militar y Jefe del Fort\u00edn al Mayor Juan Agust\u00edn Noguera.<\/p>\n<p style=\"font-size: 18px;\"><\/p>\n<p style=\"font-size: 18px;\"><\/p>\n<p style=\"font-size: 18px;\">El 28 de agosto de 1855 el gobierno de la provincia de Buenos Aires decreta que en el lugar ocupado por el fort\u00edn se establezca un pueblo que se llamar\u00e1 Pueblo de la Esperanza.<\/p>\n<p style=\"font-size: 18px;\"><\/p>\n<p style=\"font-size: 18px;\"><\/p>\n<p style=\"font-size: 18px;\">Los pobladores solicitan al Gobernador Adolfo Alsina que sea regularizada la existencia del pueblo y que se cree el partido con parte de las tierras de Saladillo y Tapalqu\u00e9.\u00a0<\/p>\n<p style=\"font-size: 18px;\"><\/p>\n<p style=\"font-size: 18px;\"><\/p>\n<p style=\"font-size: 18px;\">El 22 de julio de 1869 el gobernador Emilio Castro por Decreto 2251 promulga la ley que crea el Partido de General Alvear, nombr\u00e1ndose como autoridad del nuevo pueblo y partido a Don Melit\u00f3n Ruiz primer Juez de Paz. Ese mismo a\u00f1o se nombra tambi\u00e9n la primera Comisi\u00f3n Municipal y es inaugurada y bendecida la Iglesia. El 9 de octubre de 1870 es\u00a0 creada la primera Escuela P\u00fablica para varones.<\/p>\n<p style=\"font-size: 18px;\"><\/p>\n<p style=\"font-size: 18px;\"><\/p>\n<p style=\"font-size: 18px;\">Es en marzo de 1874 cuando se instala el Dr. Francisco Botto, recibido en la Facultad de Bolonia, quien pasa a ser el primer m\u00e9dico del General Alvear. En 1876 se dispone nombrar patrono de la Iglesia al Patriarca San Jos\u00e9 y se instala la Empresa de Mensajer\u00eda de Don Prudencio Gonz\u00e1lez, con\u00a0 recorrido entre Alvear y Las\u00a0\u00a0 Flores. En 1884, la instalaci\u00f3n de una sucursal del Banco de la Provincia signific\u00f3 un acontecimiento de alta significaci\u00f3n, sobre todo para el comercio y los productores.<\/p>\n<p style=\"font-size: 18px;\"><\/p>\n<p style=\"font-size: 18px;\"><\/p>\n<p style=\"font-size: 18px;\">La nueva Ley Org\u00e1nica de las Municipalidades, sancionada el 16 de marzo de 1886, establec\u00eda que el gobierno de los municipios deb\u00eda ser desempe\u00f1ado por un Departamento Deliberativo y un Departamento Ejecutivo, estableci\u00e9ndose adem\u00e1s como condici\u00f3n una poblaci\u00f3n m\u00ednima de 3.000 habitantes, por lo que General Alvear no pudo realizar sus elecciones hasta unos a\u00f1os m\u00e1s tarde.<\/p>\n<p style=\"font-size: 18px;\"><\/p>\n<p style=\"font-size: 18px;\"><\/p>\n<p style=\"font-size: 18px;\">Las elecciones para Intendente y Concejo Deliberante se realizan en noviembre de 1890, y el 1\u00ba de enero de 1891 Enrique Goyena asume como 1\u00ba Intendente electo.<\/p>\n<p style=\"font-size: 18px;\"><\/p>\n<p style=\"font-size: 18px;\"><\/p>\n<p style=\"font-size: 18px;\">Con la llegada del Ferrocarril del Sud en 1897, se construyen los talleres, dep\u00f3sitos y colonia ferroviaria, produci\u00e9ndose a comienzos de siglo un movimiento inmigratorio que causa un aumento de la poblaci\u00f3n.<\/p>\n<p style=\"font-size: 18px;\"><\/p>\n<p style=\"font-size: 18px;\"><\/p>\n<p style=\"font-size: 18px;\">En 1912\u00a0 la Compa\u00f1\u00eda Sudamericana de Electricidad S.A., comienza a prestar dicho servicio.<\/p>\n<p style=\"font-size: 18px;\"><\/p>\n<p style=\"font-size: 18px;\"><\/p>\n<p style=\"font-size: 18px;\">La apertura de la ruta provincial asfaltada 51 y su comunicaci\u00f3n con el centro urbano influy\u00f3 para que la ciudad comience a extenderse hacia esa zona, y paulatinamente la importancia del ferrocarril y su zona comenz\u00f3 a disminuir.<\/p>\n<p style=\"font-size: 18px;\"><\/p>\n<p style=\"font-size: 18px;\"><\/p>\n<p style=\"font-size: 18px;\">En 1959, el pueblo es elevado a la categor\u00eda de ciudad.<\/p>\t\t\t\t\t\t\t\t<\/div>\n\t\t\t\t<\/div>\n\t\t\t\t\t<\/div>\n\t\t\t\t<\/div>\n\t\t<div class=\"elementor-element elementor-element-926b315 e-flex e-con-boxed e-con e-parent\" data-id=\"926b315\" data-element_type=\"container\" data-e-type=\"container\">\n\t\t\t\t\t<div class=\"e-con-inner\">\n\t\t\t\t<div class=\"elementor-element elementor-element-0033f1d elementor-position-left elementor-vertical-align-top elementor-widget elementor-widget-image-box\" data-id=\"0033f1d\" data-element_type=\"widget\" data-e-type=\"widget\" data-widget_type=\"image-box.default\">\n\t\t\t\t<div class=\"elementor-widget-container\">\n\t\t\t\t\t<div class=\"elementor-image-box-wrapper\"><figure class=\"elementor-image-box-img\"><img decoding=\"async\" width=\"137\" height=\"144\" src=\"\/wp-content\/uploads\/2014\/09\/escudo.jpg\" class=\"attachment-full size-full wp-image-110\" alt=\"\" \/><\/figure><div class=\"elementor-image-box-content\"><h3 class=\"elementor-image-box-title\">El escudo<\/h3><p class=\"elementor-image-box-description\">El escudo representativo de General Alvear es el resultado de un concurso organizado por la Municipalidad, proyecto de Ordenanza presentado por la Concejal Sra. Mar\u00eda Isabel Llantada de M\u00e1rquez, sancionado el 14 de mayo de 1964 y creado por  Jos\u00e9 C. Bozzi, nativo de la ciudad de Vicente L\u00f3pez, Bs As.<\/p><\/div><\/div>\t\t\t\t<\/div>\n\t\t\t\t<\/div>\n\t\t\t\t\t<\/div>\n\t\t\t\t<\/div>\n\t\t<div class=\"elementor-element elementor-element-f46fa6d e-flex e-con-boxed e-con e-parent\" data-id=\"f46fa6d\" data-element_type=\"container\" data-e-type=\"container\">\n\t\t\t\t\t<div class=\"e-con-inner\">\n\t\t\t\t<div class=\"elementor-element elementor-element-6dfa1e0 elementor-position-left elementor-vertical-align-top elementor-widget elementor-widget-image-box\" data-id=\"6dfa1e0\" data-element_type=\"widget\" data-e-type=\"widget\" data-widget_type=\"image-box.default\">\n\t\t\t\t<div class=\"elementor-widget-container\">\n\t\t\t\t\t<div class=\"elementor-image-box-wrapper\"><figure class=\"elementor-image-box-img\"><img decoding=\"async\" src=\"\/wp-content\/uploads\/2014\/09\/bandera.gif\" title=\"bandera\" alt=\"bandera\" loading=\"lazy\" \/><\/figure><div class=\"elementor-image-box-content\"><h3 class=\"elementor-image-box-title\">La Bandera<\/h3><p class=\"elementor-image-box-description\">Proyecto presentado por el Sr: Juan Godoy, en el a\u00f1o 2013,  el cual fue aprobado en el Honorable Concejo Deliberante,  cuya bandera fue creada por Melisa Victoria Denari residente de nuestra ciudad.<\/p><\/div><\/div>\t\t\t\t<\/div>\n\t\t\t\t<\/div>\n\t\t\t\t\t<\/div>\n\t\t\t\t<\/div>\n\t\t\t\t<\/div>\n\t\t","protected":false},"excerpt":{"rendered":"<p>Caracteristicas de la Ciudad General Alvear (fecha de fundaci\u00f3n 22 de julio de 1869) est\u00e1 situado en plena llanura pampeana en el centro de la provincia de Bs As, tiene una extensi\u00f3n superior a los 3.000 Km2 y una poblaci\u00f3n estimada de 12.000 H. Su mayor actividad econ\u00f3mica es la [&hellip;]<\/p>\n","protected":false},"author":1,"featured_media":0,"parent":0,"menu_order":0,"comment_status":"closed","ping_status":"closed","template":"page-templates\/template-fullwidth.php","meta":{"footnotes":""},"class_list":["post-5716","page","type-page","status-publish","hentry"],"yoast_head":"<!-- This site is optimized with the Yoast SEO plugin v27.0 - https:\/\/yoast.com\/product\/yoast-seo-wordpress\/ -->\n<title>La ciudad - Municipalidad de General Alvear<\/title>\n<meta name=\"robots\" content=\"index, follow, max-snippet:-1, max-image-preview:large, max-video-preview:-1\" \/>\n<link rel=\"canonical\" href=\"\/?page_id=5716\" \/>\n<meta property=\"og:locale\" content=\"es_ES\" \/>\n<meta property=\"og:type\" content=\"article\" \/>\n<meta property=\"og:title\" content=\"La ciudad - Municipalidad de General Alvear\" \/>\n<meta property=\"og:description\" content=\"Caracteristicas de la Ciudad General Alvear (fecha de fundaci\u00f3n 22 de julio de 1869) est\u00e1 situado en plena llanura pampeana en el centro de la provincia de Bs As, tiene una extensi\u00f3n superior a los 3.000 Km2 y una poblaci\u00f3n estimada de 12.000 H. Su mayor actividad econ\u00f3mica es la [&hellip;]\" \/>\n<meta property=\"og:url\" content=\"\/?page_id=5716\" \/>\n<meta property=\"og:site_name\" content=\"Municipalidad de General Alvear\" \/>\n<meta property=\"article:modified_time\" content=\"2024-07-15T15:24:20+00:00\" \/>\n<meta property=\"og:image\" content=\"\/wp-content\/uploads\/2014\/09\/mapa-alvear.jpg\" \/>\n<meta name=\"twitter:card\" content=\"summary_large_image\" \/>\n<meta name=\"twitter:label1\" content=\"Tiempo de lectura\" \/>\n\t<meta name=\"twitter:data1\" content=\"5 minutos\" \/>\n<script type=\"application\/ld+json\" class=\"yoast-schema-graph\">{\"@context\":\"https:\/\/schema.org\",\"@graph\":[{\"@type\":\"WebPage\",\"@id\":\"\/?page_id=5716\",\"url\":\"\/?page_id=5716\",\"name\":\"La ciudad - Municipalidad de General Alvear\",\"isPartOf\":{\"@id\":\"\/#website\"},\"primaryImageOfPage\":{\"@id\":\"\/?page_id=5716#primaryimage\"},\"image\":{\"@id\":\"\/?page_id=5716#primaryimage\"},\"thumbnailUrl\":\"\/wp-content\/uploads\/2014\/09\/mapa-alvear.jpg\",\"datePublished\":\"2023-10-02T11:15:40+00:00\",\"dateModified\":\"2024-07-15T15:24:20+00:00\",\"breadcrumb\":{\"@id\":\"\/?page_id=5716#breadcrumb\"},\"inLanguage\":\"es\",\"potentialAction\":[{\"@type\":\"ReadAction\",\"target\":[\"\/?page_id=5716\"]}]},{\"@type\":\"ImageObject\",\"inLanguage\":\"es\",\"@id\":\"\/?page_id=5716#primaryimage\",\"url\":\"\/wp-content\/uploads\/2014\/09\/mapa-alvear.jpg\",\"contentUrl\":\"\/wp-content\/uploads\/2014\/09\/mapa-alvear.jpg\",\"width\":933,\"height\":574},{\"@type\":\"BreadcrumbList\",\"@id\":\"\/?page_id=5716#breadcrumb\",\"itemListElement\":[{\"@type\":\"ListItem\",\"position\":1,\"name\":\"Portada\",\"item\":\"\/\"},{\"@type\":\"ListItem\",\"position\":2,\"name\":\"La ciudad\"}]},{\"@type\":\"WebSite\",\"@id\":\"\/#website\",\"url\":\"\/\",\"name\":\"Municipalidad de General Alvear\",\"description\":\"\",\"publisher\":{\"@id\":\"\/#organization\"},\"potentialAction\":[{\"@type\":\"SearchAction\",\"target\":{\"@type\":\"EntryPoint\",\"urlTemplate\":\"\/?s={search_term_string}\"},\"query-input\":{\"@type\":\"PropertyValueSpecification\",\"valueRequired\":true,\"valueName\":\"search_term_string\"}}],\"inLanguage\":\"es\"},{\"@type\":\"Organization\",\"@id\":\"\/#organization\",\"name\":\"Municipalidad de General Alvear\",\"url\":\"\/\",\"logo\":{\"@type\":\"ImageObject\",\"inLanguage\":\"es\",\"@id\":\"\/#\/schema\/logo\/image\/\",\"url\":\"\/wp-content\/uploads\/2023\/09\/cropped-logo-muni.png\",\"contentUrl\":\"\/wp-content\/uploads\/2023\/09\/cropped-logo-muni.png\",\"width\":776,\"height\":725,\"caption\":\"Municipalidad de General Alvear\"},\"image\":{\"@id\":\"\/#\/schema\/logo\/image\/\"}}]}<\/script>\n<!-- \/ Yoast SEO plugin. -->","yoast_head_json":{"title":"La ciudad - Municipalidad de General Alvear","robots":{"index":"index","follow":"follow","max-snippet":"max-snippet:-1","max-image-preview":"max-image-preview:large","max-video-preview":"max-video-preview:-1"},"canonical":"\/?page_id=5716","og_locale":"es_ES","og_type":"article","og_title":"La ciudad - Municipalidad de General Alvear","og_description":"Caracteristicas de la Ciudad General Alvear (fecha de fundaci\u00f3n 22 de julio de 1869) est\u00e1 situado en plena llanura pampeana en el centro de la provincia de Bs As, tiene una extensi\u00f3n superior a los 3.000 Km2 y una poblaci\u00f3n estimada de 12.000 H. Su mayor actividad econ\u00f3mica es la [&hellip;]","og_url":"\/?page_id=5716","og_site_name":"Municipalidad de General Alvear","article_modified_time":"2024-07-15T15:24:20+00:00","og_image":[{"url":"\/wp-content\/uploads\/2014\/09\/mapa-alvear.jpg","type":"","width":"","height":""}],"twitter_card":"summary_large_image","twitter_misc":{"Tiempo de lectura":"5 minutos"},"schema":{"@context":"https:\/\/schema.org","@graph":[{"@type":"WebPage","@id":"\/?page_id=5716","url":"\/?page_id=5716","name":"La ciudad - Municipalidad de General Alvear","isPartOf":{"@id":"\/#website"},"primaryImageOfPage":{"@id":"\/?page_id=5716#primaryimage"},"image":{"@id":"\/?page_id=5716#primaryimage"},"thumbnailUrl":"\/wp-content\/uploads\/2014\/09\/mapa-alvear.jpg","datePublished":"2023-10-02T11:15:40+00:00","dateModified":"2024-07-15T15:24:20+00:00","breadcrumb":{"@id":"\/?page_id=5716#breadcrumb"},"inLanguage":"es","potentialAction":[{"@type":"ReadAction","target":["\/?page_id=5716"]}]},{"@type":"ImageObject","inLanguage":"es","@id":"\/?page_id=5716#primaryimage","url":"\/wp-content\/uploads\/2014\/09\/mapa-alvear.jpg","contentUrl":"\/wp-content\/uploads\/2014\/09\/mapa-alvear.jpg","width":933,"height":574},{"@type":"BreadcrumbList","@id":"\/?page_id=5716#breadcrumb","itemListElement":[{"@type":"ListItem","position":1,"name":"Portada","item":"\/"},{"@type":"ListItem","position":2,"name":"La ciudad"}]},{"@type":"WebSite","@id":"\/#website","url":"\/","name":"Municipalidad de General Alvear","description":"","publisher":{"@id":"\/#organization"},"potentialAction":[{"@type":"SearchAction","target":{"@type":"EntryPoint","urlTemplate":"\/?s={search_term_string}"},"query-input":{"@type":"PropertyValueSpecification","valueRequired":true,"valueName":"search_term_string"}}],"inLanguage":"es"},{"@type":"Organization","@id":"\/#organization","name":"Municipalidad de General Alvear","url":"\/","logo":{"@type":"ImageObject","inLanguage":"es","@id":"\/#\/schema\/logo\/image\/","url":"\/wp-content\/uploads\/2023\/09\/cropped-logo-muni.png","contentUrl":"\/wp-content\/uploads\/2023\/09\/cropped-logo-muni.png","width":776,"height":725,"caption":"Municipalidad de General Alvear"},"image":{"@id":"\/#\/schema\/logo\/image\/"}}]}},"_links":{"self":[{"href":"\/index.php?rest_route=\/wp\/v2\/pages\/5716","targetHints":{"allow":["GET"]}}],"collection":[{"href":"\/index.php?rest_route=\/wp\/v2\/pages"}],"about":[{"href":"\/index.php?rest_route=\/wp\/v2\/types\/page"}],"author":[{"embeddable":true,"href":"\/index.php?rest_route=\/wp\/v2\/users\/1"}],"replies":[{"embeddable":true,"href":"\/index.php?rest_route=%2Fwp%2Fv2%2Fcomments&post=5716"}],"version-history":[{"count":5,"href":"\/index.php?rest_route=\/wp\/v2\/pages\/5716\/revisions"}],"predecessor-version":[{"id":8830,"href":"\/index.php?rest_route=\/wp\/v2\/pages\/5716\/revisions\/8830"}],"wp:attachment":[{"href":"\/index.php?rest_route=%2Fwp%2Fv2%2Fmedia&parent=5716"}],"curies":[{"name":"wp","href":"https:\/\/api.w.org\/{rel}","templated":true}]}}